{"id":3924,"date":"2013-10-29T12:06:51","date_gmt":"2013-10-29T11:06:51","guid":{"rendered":"http:\/\/www.janinebeangallery.com\/en\/?page_id=3924"},"modified":"2020-09-23T23:15:37","modified_gmt":"2020-09-23T22:15:37","slug":"anna-iva-and-agata","status":"publish","type":"page","link":"https:\/\/www.janinebeangallery.com\/en\/?page_id=3924","title":{"rendered":"exhibitions 2013 | Anna Boroy, Iva Vacheva and Agata Agatowska"},"content":{"rendered":"<p><span style=\"color: #c0c0c0;\"><strong><a href=\"https:\/\/www.janinebeangallery.com\/en\/?attachment_id=3916\" rel=\"attachment wp-att-3916\"><img loading=\"lazy\" decoding=\"async\" class=\"alignleft size-medium wp-image-3916\" src=\"https:\/\/www.janinebeangallery.com\/en\/wp-content\/uploads\/2013\/01\/Foto-5-300x225.jpg\" alt=\"Anna Borowy\" width=\"300\" height=\"225\" srcset=\"https:\/\/www.janinebeangallery.com\/en\/wp-content\/uploads\/2013\/01\/Foto-5-300x225.jpg 300w, https:\/\/www.janinebeangallery.com\/en\/wp-content\/uploads\/2013\/01\/Foto-5-500x375.jpg 500w, https:\/\/www.janinebeangallery.com\/en\/wp-content\/uploads\/2013\/01\/Foto-5.jpg 640w\" sizes=\"auto, (max-width: 300px) 100vw, 300px\" \/><\/a><span style=\"color: #333333;\">Anna Borowy, Iva Vacheva<\/span><\/strong><span style=\"color: #333333;\"> and <\/span><strong><span style=\"color: #333333;\">Agata <\/span><\/strong><span style=\"color: #333333;\"><strong>Agatowska<br \/>\n<\/strong><\/span><br \/>\n<span style=\"color: #333333;\">paintings, drawings and sculptures<strong>&nbsp; <\/strong><strong><br \/>\n<\/strong><\/span><br \/>\n<span style=\"color: #333333;\">October 19th \u2013 December 31st 2013<strong><br \/>\n<\/strong><strong>&nbsp; <\/strong><strong><br \/>\n<\/strong>opening reception: October 18th, 6 \u2013 9 pm<\/span><\/span><\/p>\n<p style=\"text-align: left;\"><span style=\"color: #333333;\">&nbsp;<a style=\"color: #333333;\" href=\"http:\/\/janinebeangallery.com\/pdfs\/Agata_Iva_Anna_janinebeangallery.pdf\" target=\"_blank\" rel=\"noopener noreferrer\">exhibition catalogue in PDF file format<\/a><strong><br \/>\n<\/strong><br \/>\nAnna Anna Borowy (born 1985 in Uelzen, Germany), alumnus of the Masterclass of prof. Werner Liebmann at University of Arts Berlin-Weissensee, Germany. Anna Borowy lives and works in Berlin, Germany since 2003. The beauty in Anna Borowy\u2018s paintings is noticeably ambivalent, being real and powerful as such, but also immanently abyssal in its consequences and backgrounds. The female figures in her paintings appear innocent but are seductive and captivating at the same time.<\/span><\/p>\n<p style=\"text-align: left;\"><span style=\"color: #333333;\">Iva Vacheva (born 1981 in Plovdiv, Bulgaria), alumnus of the Masterclass of prof. Petrick, prof. Lucander at University of Arts, Berlin, Germany. Iva Vacheva lives and works in Berlin since 2004. Iva Vachevas paintings and drawings tell many little stories in which reality and fantasy, lust for living and sadness, erotic attraction and physical disgust, curiosity and weariness steadily blend into one another. Fearless and challenging she presents her often seemingly sinister visions, which always appear easy and humorous though.<\/span><\/p>\n<p style=\"text-align: left;\"><span style=\"color: #333333;\">Agata Agatowska (born 1976 in O\u015bwi\u0119cim, Poland), alumnus of the Art Academy Wroc\u0142aw, Poland (prof. Alojzy Gryt) and of the Art Academy D\u00fcsseldorf, Germany (prof. Thomas Gr\u00fcnfeld), doctorate at the Art Academy Wroc\u0142aw. Agatowska\u2019s thematic inspiration by surrealism is deprived of its baroque and eccentric character. In turn, the pop-art fetishism of objectiveness is deprived of trivialisation which is so often present in today\u2019s art. Quite unexpectedly \u2013 what\u2019s rather rare today \u2013 in her works the artist uses the simplicity and asceticism of the constructivist sculpture. Paradoxically, however, we can see the traces of the most elementary emotions in them.<\/span><\/p>\n<div id='gallery-1' class='gallery galleryid-3924 gallery-columns-3 gallery-size-thumbnail'><figure class='gallery-item'>\n\t\t\t<div class='gallery-icon landscape'>\n\t\t\t\t<a href='https:\/\/www.janinebeangallery.com\/en\/?attachment_id=3916'><img loading=\"lazy\" decoding=\"async\" width=\"150\" height=\"150\" src=\"https:\/\/www.janinebeangallery.com\/en\/wp-content\/uploads\/2013\/01\/Foto-5-150x150.jpg\" class=\"attachment-thumbnail size-thumbnail\" alt=\"\" \/><\/a>\n\t\t\t<\/div><\/figure><figure class='gallery-item'>\n\t\t\t<div class='gallery-icon portrait'>\n\t\t\t\t<a href='https:\/\/www.janinebeangallery.com\/en\/?attachment_id=3918#main'><img loading=\"lazy\" decoding=\"async\" width=\"150\" height=\"150\" src=\"https:\/\/www.janinebeangallery.com\/en\/wp-content\/uploads\/2013\/06\/eiscream-97x-85cm-aluminium-2013_h640-150x150.jpg\" class=\"attachment-thumbnail size-thumbnail\" alt=\"\" \/><\/a>\n\t\t\t<\/div><\/figure><figure class='gallery-item'>\n\t\t\t<div class='gallery-icon landscape'>\n\t\t\t\t<a href='https:\/\/www.janinebeangallery.com\/en\/?attachment_id=3915'><img loading=\"lazy\" decoding=\"async\" width=\"150\" height=\"150\" src=\"https:\/\/www.janinebeangallery.com\/en\/wp-content\/uploads\/2013\/01\/Foto-4-150x150.jpg\" class=\"attachment-thumbnail size-thumbnail\" alt=\"\" \/><\/a>\n\t\t\t<\/div><\/figure><figure class='gallery-item'>\n\t\t\t<div class='gallery-icon portrait'>\n\t\t\t\t<a href='https:\/\/www.janinebeangallery.com\/en\/?attachment_id=3914'><img loading=\"lazy\" decoding=\"async\" width=\"150\" height=\"150\" src=\"https:\/\/www.janinebeangallery.com\/en\/wp-content\/uploads\/2013\/01\/Foto-3-150x150.jpg\" class=\"attachment-thumbnail size-thumbnail\" alt=\"\" \/><\/a>\n\t\t\t<\/div><\/figure><figure class='gallery-item'>\n\t\t\t<div class='gallery-icon landscape'>\n\t\t\t\t<a href='https:\/\/www.janinebeangallery.com\/en\/?attachment_id=3913'><img loading=\"lazy\" decoding=\"async\" width=\"150\" height=\"150\" src=\"https:\/\/www.janinebeangallery.com\/en\/wp-content\/uploads\/2013\/01\/Foto-2-150x150.jpg\" class=\"attachment-thumbnail size-thumbnail\" alt=\"\" \/><\/a>\n\t\t\t<\/div><\/figure><figure class='gallery-item'>\n\t\t\t<div class='gallery-icon landscape'>\n\t\t\t\t<a href='https:\/\/www.janinebeangallery.com\/en\/?attachment_id=3912'><img loading=\"lazy\" decoding=\"async\" width=\"150\" height=\"150\" src=\"https:\/\/www.janinebeangallery.com\/en\/wp-content\/uploads\/2013\/01\/Foto-1-150x150.jpg\" class=\"attachment-thumbnail size-thumbnail\" alt=\"\" \/><\/a>\n\t\t\t<\/div><\/figure><figure class='gallery-item'>\n\t\t\t<div class='gallery-icon landscape'>\n\t\t\t\t<a href='https:\/\/www.janinebeangallery.com\/en\/?attachment_id=3911'><img loading=\"lazy\" decoding=\"async\" width=\"150\" height=\"150\" src=\"https:\/\/www.janinebeangallery.com\/en\/wp-content\/uploads\/2013\/01\/Foto11-150x150.jpg\" class=\"attachment-thumbnail size-thumbnail\" alt=\"\" \/><\/a>\n\t\t\t<\/div><\/figure><figure class='gallery-item'>\n\t\t\t<div class='gallery-icon landscape'>\n\t\t\t\t<a href='https:\/\/www.janinebeangallery.com\/en\/?attachment_id=3910'><img loading=\"lazy\" decoding=\"async\" width=\"150\" height=\"150\" src=\"https:\/\/www.janinebeangallery.com\/en\/wp-content\/uploads\/2013\/01\/Fot3o-150x150.jpg\" class=\"attachment-thumbnail size-thumbnail\" alt=\"\" \/><\/a>\n\t\t\t<\/div><\/figure><figure class='gallery-item'>\n\t\t\t<div class='gallery-icon landscape'>\n\t\t\t\t<a href='https:\/\/www.janinebeangallery.com\/en\/?attachment_id=3908'><img loading=\"lazy\" decoding=\"async\" width=\"150\" height=\"150\" src=\"https:\/\/www.janinebeangallery.com\/en\/wp-content\/uploads\/2013\/01\/Foto2-150x150.jpg\" class=\"attachment-thumbnail size-thumbnail\" alt=\"\" \/><\/a>\n\t\t\t<\/div><\/figure>\n\t\t<\/div>\n\n","protected":false},"excerpt":{"rendered":"<p>Anna Borowy, Iva Vacheva and Agata Agatowska paintings, drawings and sculptures&nbsp; October 19th \u2013 December 31st 2013 &nbsp; opening reception: October 18th, 6 \u2013 9 pm &nbsp;exhibition catalogue in PDF file format Anna Anna Borowy (born 1985 in Uelzen, Germany), alumnus of the Masterclass of prof. Werner Liebmann at University of Arts Berlin-Weissensee, Germany. Anna &#8230; <a title=\"exhibitions 2013 | Anna Boroy, Iva Vacheva and Agata Agatowska\" class=\"read-more\" href=\"https:\/\/www.janinebeangallery.com\/en\/?page_id=3924\" aria-label=\"Read more about exhibitions 2013 | Anna Boroy, Iva Vacheva and Agata Agatowska\">Read more<\/a><\/p>\n","protected":false},"author":2,"featured_media":0,"parent":0,"menu_order":0,"comment_status":"closed","ping_status":"closed","template":"","meta":{"ngg_post_thumbnail":0,"footnotes":""},"class_list":["post-3924","page","type-page","status-publish"],"_links":{"self":[{"href":"https:\/\/www.janinebeangallery.com\/en\/index.php?rest_route=\/wp\/v2\/pages\/3924","targetHints":{"allow":["GET"]}}],"collection":[{"href":"https:\/\/www.janinebeangallery.com\/en\/index.php?rest_route=\/wp\/v2\/pages"}],"about":[{"href":"https:\/\/www.janinebeangallery.com\/en\/index.php?rest_route=\/wp\/v2\/types\/page"}],"author":[{"embeddable":true,"href":"https:\/\/www.janinebeangallery.com\/en\/index.php?rest_route=\/wp\/v2\/users\/2"}],"replies":[{"embeddable":true,"href":"https:\/\/www.janinebeangallery.com\/en\/index.php?rest_route=%2Fwp%2Fv2%2Fcomments&post=3924"}],"version-history":[{"count":4,"href":"https:\/\/www.janinebeangallery.com\/en\/index.php?rest_route=\/wp\/v2\/pages\/3924\/revisions"}],"predecessor-version":[{"id":13960,"href":"https:\/\/www.janinebeangallery.com\/en\/index.php?rest_route=\/wp\/v2\/pages\/3924\/revisions\/13960"}],"wp:attachment":[{"href":"https:\/\/www.janinebeangallery.com\/en\/index.php?rest_route=%2Fwp%2Fv2%2Fmedia&parent=3924"}],"curies":[{"name":"wp","href":"https:\/\/api.w.org\/{rel}","templated":true}]}}