{"id":15671,"date":"2022-05-20T14:52:21","date_gmt":"2022-05-20T13:52:21","guid":{"rendered":"https:\/\/www.janinebeangallery.com\/en\/?page_id=15671"},"modified":"2025-07-25T16:15:44","modified_gmt":"2025-07-25T15:15:44","slug":"cv-7","status":"publish","type":"page","link":"https:\/\/www.janinebeangallery.com\/en\/?page_id=15671","title":{"rendered":"Andrea Damp | CV"},"content":{"rendered":"<div class=\"wp-block-image\">\n<figure class=\"alignleft\"><img loading=\"lazy\" decoding=\"async\" width=\"271\" height=\"300\" src=\"https:\/\/www.janinebeangallery.com\/en\/wp-content\/uploads\/2022\/05\/Andrea.Damp_Portraet_sw_01-min-271x300.jpg\" alt=\"\" class=\"wp-image-15708\" srcset=\"https:\/\/www.janinebeangallery.com\/en\/wp-content\/uploads\/2022\/05\/Andrea.Damp_Portraet_sw_01-min-271x300.jpg 271w, https:\/\/www.janinebeangallery.com\/en\/wp-content\/uploads\/2022\/05\/Andrea.Damp_Portraet_sw_01-min-452x500.jpg 452w, https:\/\/www.janinebeangallery.com\/en\/wp-content\/uploads\/2022\/05\/Andrea.Damp_Portraet_sw_01-min-768x850.jpg 768w, https:\/\/www.janinebeangallery.com\/en\/wp-content\/uploads\/2022\/05\/Andrea.Damp_Portraet_sw_01-min-1387x1536.jpg 1387w, https:\/\/www.janinebeangallery.com\/en\/wp-content\/uploads\/2022\/05\/Andrea.Damp_Portraet_sw_01-min-1849x2048.jpg 1849w\" sizes=\"auto, (max-width: 271px) 100vw, 271px\" \/><\/figure>\n<\/div>\n\n\n<p><\/p>\n\n\n\n<p>Andrea Damp subtly balances abstraction and \ufb01guration in her paintings. Her works are created in a sophisticated process of layers and superimpositions, which make the sensual process of the painting&#8217;s creation palpable.<br>With the use of \ufb01gurative elements, the painter transforms her compositions into narrative, associative pictorial worlds that are characterized by atmosphere and emotional expression. Andrea Damp&#8217;s paintings thus form an incomparable link between the autonomy of colour and its ability to serve the image.<\/p>\n\n\n\n<p>&nbsp;<\/p>\n\n\n\n<p>&nbsp;<\/p>\n\n\n\n<p>&nbsp;<\/p>\n\n\n\n<p>&nbsp;<\/p>\n\n\n\n<p>1977<\/p>\n\n\n\n<p>born in Bergen on the island R\u00fcgen, GER (at that time GDR)<\/p>\n\n\n\n<p>1997-1998<\/p>\n\n\n\n<p>Studies of Philosophy and Art History at Freie Universit\u00e4t (FU) Berlin, DER<\/p>\n\n\n\n<p>1998-2004<\/p>\n\n\n\n<p>Studies of Fine Arts at the Berlin University of Arts (UdK), class of Prof. Hans-J\u00fcrgen Diehl, GER<\/p>\n\n\n\n<p>2000-2001<\/p>\n\n\n\n<p>Scholarship for painting by the Dorothea-Konwiarz-Foundation, Berlin, GER<\/p>\n\n\n\n<p>2001-2003<\/p>\n\n\n\n<p>Assistant Prof. Hans-J\u00fcrgen Diehl<\/p>\n\n\n\n<p>2004<\/p>\n\n\n\n<p>Final Degree, Berlin University of Arts, GER<br>Scholarship Glasgow School of Arts, GBR<\/p>\n\n\n\n<p>2004-2005<\/p>\n\n\n\n<p>MFA Painting, Berlin University of Arts, GER<br>Master of Fine Arts at the Berlin University of Arts, class Prof. Diehl, GER<\/p>\n\n\n\n<p>2006-2007<\/p>\n\n\n\n<p>Naf\u00f6G, Young Artists Award of the City of Berlin, GER<\/p>\n\n\n\n<p>2008<\/p>\n\n\n\n<p>Lucas-Cranach-Grant by the City of Wittenberg, GER<\/p>\n\n\n\n<p>2008-2010<\/p>\n\n\n\n<p>Karl-Hofer-Scholarship, Berlin, GER<\/p>\n\n\n\n<p>2009<\/p>\n\n\n\n<p>Franz-Hecker-Grant<br>Scholarship of the K\u00e4the-Dorsch-and-Agnes-Straub-Foundation<\/p>\n\n\n\n<p>2010<\/p>\n\n\n\n<p>Art Award winner of the Dorothea-Konwiarz-Foundation<\/p>\n\n\n\n<p>2014<\/p>\n\n\n\n<p>Awardee 12th art prize Tempelhof \/ Sch\u00f6neberg, Berlin, GER<\/p>\n\n\n\n<p>2014-17<\/p>\n\n\n\n<p>Professorship for painting at the University of Applied Sciences, Hamburg, GER<\/p>\n\n\n\n<p>2019<\/p>\n\n\n\n<p>Artist-in-Residence, Budapest Art Factory, HUN<\/p>\n\n\n\n<p>&nbsp;<\/p>\n\n\n\n<p><strong>Solo exhibitions (selection)<\/strong><\/p>\n\n\n\n<p>2025<\/p>\n\n\n\n<p>&nbsp; &nbsp; &nbsp; &nbsp; &nbsp;&#8220;Call of the Void&#8221;, janinebeangallery, Berlin<\/p>\n\n\n\n<p>&nbsp; &nbsp; &nbsp; &nbsp; &nbsp;&#8220;Poetis mentiri licet&#8221;, Galerie Brennwald, Kiel<\/p>\n\n\n\n<p>&nbsp; &nbsp; &nbsp; &nbsp; &nbsp;&#8220;COLORAMA&#8221;, Andrea Damp &amp; Bodo Rott, Galerie Strzelski, Stuttgart<\/p>\n\n\n\n<p>&nbsp; &nbsp; &nbsp; &nbsp; &nbsp;&#8220;Nothing is real&#8221;, artboxberlin, Timmendorfer Strand<\/p>\n\n\n\n<p>         &#8220;Always bring your own sunshine&#8221;, buergyderuijtergallery, Neustadt a.d. Weinstra\u00dfe<\/p>\n\n\n\n<p>2024<\/p>\n\n\n\n<p>&nbsp; &nbsp; &nbsp; &nbsp; &nbsp;&#8220;Cloudwalker&#8221;, Galerie Barbara von Stechow, Frankfurt\/M.<\/p>\n\n\n\n<p>&nbsp; &nbsp; &nbsp; &nbsp; &nbsp;&#8220;Nightflight&#8221;, Galleri NB, Viborg, DK<\/p>\n\n\n\n<p>&nbsp; &nbsp; &nbsp; &nbsp; &nbsp;&#8220;LACUNA&#8221;, Kunstverein Kaponier, Vechta<\/p>\n\n\n\n<p>&nbsp; &nbsp; &nbsp; &nbsp; &nbsp;&#8220;Luminous&#8221;, Galerie Kl\u00fcber, Weinheim<\/p>\n\n\n\n<p>&nbsp; &nbsp; &nbsp; &nbsp; &nbsp;&#8220;Serendipity&#8221;, Galerie Werth, Benz \/ Usedom<\/p>\n\n\n\n<p>&nbsp; &nbsp; &nbsp; &nbsp; &nbsp;&#8220;Wildernd im Ungewissen&#8221;, Galerie Ahlers, G\u00f6ttingen<\/p>\n\n\n\n<p>2023<\/p>\n\n\n\n<p>&nbsp;&nbsp;&nbsp;&nbsp;&nbsp;&nbsp;&nbsp;&nbsp;&nbsp;\u201eMenagerie\u201c, janinebeangallery, Berlin<\/p>\n\n\n\n<p>&nbsp;&nbsp; &nbsp;&nbsp; &nbsp;&nbsp; \u201eFoolish Fire\u201c, Kunstverein Bad Nauheim, Germany<\/p>\n\n\n\n<p>&nbsp; &nbsp; &nbsp; &nbsp;&nbsp; \u201eDarkish Waters\u201c, von fraunberg art gallery, Dusseldorf, Germany<\/p>\n\n\n\n<p>&nbsp;&nbsp; &nbsp; &nbsp;&nbsp; \u201eEx Itinere\u201c, Kunstverein Achim, Germany<\/p>\n\n\n\n<p>2022<\/p>\n\n\n\n<p>Plimpplamppletteren, Galleri Thomassen, G\u00f6teborg, SWE<br>Lupus infabula, buergyderuijtergallery, Neustadt a.d. Weinstra\u00dfe, GER<br>Oculus ultimus, Galleri NB, Viborg, DEN<\/p>\n\n\n\n<p>2021<\/p>\n\n\n\n<p>So ist es (with Karl Fulle), Zeitkunstgalerie Halle\/S., GER<br>BLUETH, Strzelski Gallery, Stuttgart, GER<br>Dschidschoriengrien, Galerie Hovestadt, Nottuln, GER<\/p>\n\n\n\n<p>2020<\/p>\n\n\n\n<p>Mnemosyne, Barbara von Stechow Gallery, Frankfurt\/M., GER<br>Sturmfrei, Galleri NB, Viborg, DEN<br>Ger\u00e4uschkulisse, Strzelski Gallery, Stuttgart, GER<br>Fain\u00f3menon (with Karl Fulle), Brennwald Gallery, Kiel, GER<br>Lux colorata, Kunsthaus Kl\u00fcber, Weinheim, GER<br>Zur\u00fcck, Werth Gallery, Benz \/ Usedom, GER<br>Mare Imbrium, art box berlin, Timmendorfer Strand, GER<\/p>\n\n\n\n<p>2019<\/p>\n\n\n\n<p>Refugium, Galerie Ahlers, G\u00f6ttingen, GER<br>Die Uhr steht still, Budapest Art Factory, Budapest, HUN<br>Fingerspitzengef\u00fchl, Galleri NB, Viborg, DEN<br>BRICOLAGE, KUNST &amp; Co. e.V., Flensburg, GER<\/p>\n\n\n\n<p>2018<\/p>\n\n\n\n<p>Kukelure (with Martin M\u00f6hwald), Zeitkunstgalerie, Halle\/S. , GER<br>Carpe Noctem, Galleri Thomassen, Gothenburg, SWE<br>Halbschlaf, Kunstverein Unna, GER<br>Tertulia, Barbara von Stechow Gallery, Frankfurt\/M., GER<\/p>\n\n\n\n<p>2017<\/p>\n\n\n\n<p>SUPERPOSITION (with Daniel Sigloch), Anja Knoess Gallery, Cologne, GER<br>Camp Damp, Ahlers Gallery, G\u00f6ttingen, GER<br>Magnificat, Richard-Haizmann-Museum \/ Kunstverein Nieb\u00fcll, Nieb\u00fcll, GER<\/p>\n\n\n\n<p>2016<\/p>\n\n\n\n<p>S\u00e6tter DAMPen op, Galleri NB, Viborg \/ Copenhagen, DEN<br>Nah entfernt, Barbara von Stechow Gallery, Frankfurt\/M., GER<br>Tantum\u2026 quantum, Kampl Gallery, Munich, GER<\/p>\n\n\n\n<p>2015<\/p>\n\n\n\n<p>Par-Impar, Ahlers Gallery, G\u00f6ttingen, GER<br>Bon-Bon, Galleri Thomassen, Gothenburg, SWE<\/p>\n\n\n\n<p>2014<\/p>\n\n\n\n<p>Kantella &amp; Corvetta, Barbara von Stechow Gallery, Frankfurt\/M., GER<br>Bubbles, Kampl Gallery, Munich, GER<br>Mikumi, Galleri NB Viborg \/ Copenhagen, DEN<\/p>\n\n\n\n<p>2013<\/p>\n\n\n\n<p>November, Ahlers Gallery, G\u00f6ttingen, GER<br>Janus Arcadia (with Gabriele Basch), Galleri NB Viborg \/ Copenhagen, DEN<br>Contemporary art from Germany &#8211; Small treasures (with Gabi Hamm and<br>Michael Sistig), AKI Gallery Taipei, TPE<\/p>\n\n\n\n<p>2012<\/p>\n\n\n\n<p>No jardim, Barbara von Stechow Gallery, Frankfurt\/M., GER<br>Tabula rasa, Kampl Gallery, Munich, GER<br>A Fairy, Galleri Thomassen, Gothenburg, SWE<br>Rendezvous with art, curated by Isabelle Meiffert, Berlin, GER<\/p>\n\n\n\n<p>2011<\/p>\n\n\n\n<p>Mutabor, Ahlers Gallery, G\u00f6ttingen, GER<br>Lens flares, Vattenfall Exhibition Space, Berlin, GER<br>Natura-lized, ProArt, Athens, GRE<br>Flight mode, Galleri Thomassen, Gothenburg, SWE<\/p>\n\n\n\n<p>2010<\/p>\n\n\n\n<p>Von Lichtern und Flecken, Ahlers Gallery, G\u00f6ttingen, GER<br>Vertigo, Brennecke Gallery, Berlin, GER<br>SUPERNOVA, Kunstbetrieb 7, Ludwigsburg, GER<br>Recall, Gallery of the Dorothea-Konwiarz-Foundation, Berlin, GER<br>Hier, ganz in der N\u00e4he, Kampl Gallery, Munich, GER<\/p>\n\n\n\n<p>2009<\/p>\n\n\n\n<p>Pulsschlag der Farbe, Kunstverein Nieb\u00fcll, GER<br>Karussell Karmesin, CP Gallery, Wiesbaden, GER<br>Codex, Kampl Gallery, Munich, GER<\/p>\n\n\n\n<p>2008<\/p>\n\n\n\n<p>Behind the curtain, CP Gallery, Wiesbaden, GER<br>Twinklies, Brennecke Gallery, Berlin, GER<\/p>\n\n\n\n<p>2007<\/p>\n\n\n\n<p>Colourless Green Ideas Sleep Furiously, Kunstverein R\u00fcgen, Putbus, GER<br>Just Beautiful, Brennecke Gallery, Berlin, GER<br>Cross the river, Vera Lindbeck Gallery, Hannover, GER<\/p>\n\n\n\n<p>2006<\/p>\n\n\n\n<p>N\u00e9a, Brennecke Gallery, Berlin, GER<\/p>\n\n\n\n<p>2005<\/p>\n\n\n\n<p>Orbs, CNC, Berlin, GER<\/p>\n\n\n\n<p>2004<\/p>\n\n\n\n<p>11G5AY, Glasgow, IRL<br>Galeriecaf\u00e9 Assel, Berlin, GER<\/p>\n\n\n\n<p>&nbsp;<\/p>\n\n\n\n<p><strong>Group exhibitions (selection)<\/strong><\/p>\n\n\n\n<p>2023<\/p>\n\n\n\n<p>WAOU\u201c, Galleri NB, Viborg, DK<\/p>\n\n\n\n<p>\u201eFl\u00fcchtigkeit des Augenblicks\u201c, Kunstverein Bahnitz, Germany<\/p>\n\n\n\n<p>VOLTA Basel, mit Galerie Barbara von Stechow, Basel, CH<\/p>\n\n\n\n<p>Art Karlsruhe, mit Galerie Barbara von Stechow, Karlsruhe, Germany<\/p>\n\n\n\n<p>2022<\/p>\n\n\n\n<p>Luxembourg Art Week, fair for contemporary art, November 11th \u2013 13th 2022, with janinebeangallery (F)<br>\u201eDas Wunderland fehlte mir\u201c, Andrea Damp, Maxwell Dunlop, Beate H\u00f6ing, Petra Rintelen, Arny Schmit, janinebeangallery, Berlin, Germany<br>Art Miami Berlin, mit Galerie Barbara von Stechow, Messe f\u00fcr zeitgen\u00f6ssische Kunst, Miami, USA (F)<br>\u201eKaroshi Rockenhausen\u201c, Pachen Museum, Rockenhausen, Germany<br>Positions Berlin, Galerie Barbara von Stechow, Messe f\u00fcr zeitgen\u00f6ssische Kunst (F)<br>Art Karlsruhe, Galerie Barbara von Stechow, Messe Karlsruhe, Rheinstetten (F)<\/p>\n\n\n\n<p>2021<\/p>\n\n\n\n<p>WAOU 21, Galleri NB, Viborg, DEN<br>Unwesen, Ahlers Gallery, G\u00f6ttingen, GER<br>Momentaner Standpunkt, buergyderuijtergallery, Neustadt a. d. Weinstra\u00dfe, GER<br>Pas de deux, Ahlers Gallery, G\u00f6ttingen, GER<br>Art Miami, with Barbara von Stechow Gallery, Miami, FL, USA<\/p>\n\n\n\n<p>2020<\/p>\n\n\n\n<p>Contemporary human, Galleri NB, Viborg, DEN<br>Kunst unter Reet, galerie w, Keitum\/Sylt, GER<br>Waou 2020, Galleri NB, Viborg, DEN<\/p>\n\n\n\n<p>Miniaturen, Kunsthaus Kl\u00fcber, Weinheim, GER<\/p>\n\n\n\n<p>2019<\/p>\n\n\n\n<p>Who, what, where, Josephine Joan Gallery, Fullerton, CA, USA<br>Waou, Galleri NB, Viborg, DEN<br>Painting\u2026, galerie w, Osnabr\u00fcck, GER<br>Beauty &amp; Spa, Hartwich Gallery, Sellin\/R\u00fcgen, GER<br>\u2026 erz\u00e4hl mir was, Anja Knoess Gallery, Cologne, GER<br>In situ, site-specific artworks by 25 artists, old BUDERUS-Estate and Art-Casting-Museum,<br>Hirzenhain and \u201eAltes Rentamt\u201c, Gedern, GER<br>The easter group show, Galleri Thomassen, Gothenburg, SWE<\/p>\n\n\n\n<p>2018<\/p>\n\n\n\n<p>On unfamiliar terrain &#8211; Landscape in painting since 1945, Museum for Contemporary Art &#8211; Hurrle<br>Collection, Durbach, GER<br>Where is Philadelphia\u2026, Philadelphia, GER<br>ART The Hague, NL, with Galleri NB, The Hague, NED<br>On and on and on, Galleri Thomassen, Gothenburg, SWE<\/p>\n\n\n\n<p>2017<\/p>\n\n\n\n<p>Don\u00b4t forget to put flowers in your hair, Hartwich Gallery, Sellin \/ R\u00fcgen, GER<br>Rausch, Ahlers Gallery, G\u00f6ttingen, GER<br>Lot a lot, Galleri Thomassen, Gothenburg, SWE<br>Studio (with Martin M\u00f6hwald and Karl Fulle), Berlin, GER<br>BLITZEIS II, Anja Knoess Gallery, Cologne, GER<br>Jubil\u00e6umsudstilling, Galleri NB Viborg \/ Copenhagen, DEN<\/p>\n\n\n\n<p>2016<\/p>\n\n\n\n<p>Karoshi, Artists Residence Sootb\u00f6rn, Hamburg, GER<br>R\u00fcckblick, Ahlers Gallery, G\u00f6ttingen, GER<br>BLITZEIS, Anja Knoess Gallery, Cologne, GER<br>Art Copenhagen, with Galleri NB, Copenhagen, DEN<\/p>\n\n\n\n<p>2015<\/p>\n\n\n\n<p>Transfiguration, Galleri NB, Viborg \/ Copenhagen, DEN<br>NOW&#8230; AND FURTHER, Painting Vol. II, Anja Knoess Gallery, Cologne, GER<br>P\u00e5sksalong, Galleri Thomassen, Gothenburg, SWE<br>11 artists &#8211; 1 format, Ahlers Gallery, G\u00f6ttingen, GER<\/p>\n\n\n\n<p>2014<\/p>\n\n\n\n<p>Review &#8211; Perspective, Kampl Gallery, Munich, GER<br>TOUCH, Hartwich Gallery, Sellin \/ R\u00fcgen, GER<br>Homo ludens, Artprize Tempelhof-Sch\u00f6neberg, House at Kleistpark, Berlin, GER<br>Play is the beginning, Kunstverein Walkm\u00fchle, Wiesbaden, GER<br>P\u00e5sksalong, Galleri Thomassen, Gothenburg, SWE<br>Twenty-five paintings by twenty-five painters, Ahlers Gallery, G\u00f6ttingen, GER<br>Art Copenhagen, with Galleri NB, Copenhagen, DEN<\/p>\n\n\n\n<p>2013<\/p>\n\n\n\n<p>Young Art Taipei, with AKI Gallery, Taipei, TPE<br>In Between Trees, Galleri NB, Viborg, DEN<\/p>\n\n\n\n<p>2012<\/p>\n\n\n\n<p>Facing Reality II, with Wolfgang Ellenrieder and Michael Bach, AKI Gallery, Taipei, TPE<br>Salon der Gegenwart, Hamburg, GER<br>Young Art Taipei, with AKI Gallery, Taipei, TPE<br>Kunst 12 Zurich, with Barbara von Stechow Gallery, Zurich, SUI<\/p>\n\n\n\n<p>2011<\/p>\n\n\n\n<p>New Talents, Barbara von Stechow Gallery, Frankfurt\/M., GER<br>T\u00e9te-\u00e0-t\u00e9te, Brennecke Gallery, Berlin, GER<br>Accrochage, Kampl Gallery, Munich, GER<br>New German Figuration, AKI Gallery, Taipei, TPE<br>Picknick, Galleri Thomassen, Gothenburg, SWE<br>Gro\u00dfe Kunstausstellung Halle\/S., Kunst Halle e.V., Halle\/S., GER<br>Opening exhibition, Brennecke Gallery, D\u00fcsseldorf, GER<br>Art Copenhagen, with Galleri Thomassen, Copenhagen, DEN<\/p>\n\n\n\n<p>Art Amsterdam, with Galleri Thomassen, Amsterdam, NED<\/p>\n\n\n\n<p>2010<\/p>\n\n\n\n<p>Themenwechsel, final exhibition KHG-Grant, Berlin, GER<br>Phantomschaltung, Artist Residence Klosterstra\u00dfe, Berlin, GER<br>Teile des Ganzen, Gro\u00dfe Kunstausstellung N\u00fcrnberg, GER<br>The best of dimension 5, Forgotten Bar Project, Berlin, GER<br>Oase als Ph\u00e4nomen, Art Award Sparkassen-Foundation Karlsruhe, GER<br>10 years DKS, Gallery of the Dorothea-Konwiarz-Foundation, Berlin, GER<\/p>\n\n\n\n<p>2009<\/p>\n\n\n\n<p>VIIth Artprize Wesseling, Kunstverein Wesseling, GER<br>Durchzug, Brennecke Gallery, Berlin, GER<br>From Berlin, Gallery Z, Stuttgart, GER<br>Stipendiaries of the Karl-Hofer-Society, Haus at Kleistpark, Berlin, GER<br>Identities, Gallery and K\u00fcnstlerhaus Spiekeroog, GER<\/p>\n\n\n\n<p>2008<\/p>\n\n\n\n<p>Mensch-Natur-Raum, Collection at the Willy-Brandt-Haus, Berlin, GER<br>Water, MK 21 Gallery, Hamburg, GER<br>Karl-Hofer-Stipendiaries, Studiofloor Obersch\u00f6neweide, Berlin, GER<br>FRAGMENT, Kunstverein Eisenturm, Mainz, GER<br>Eb-Dietzsch-Art Award, Gera, GER<\/p>\n\n\n\n<p>2007<\/p>\n\n\n\n<p>Idyll, Kunstverein Walkm\u00fchle, Wiesbaden, GER<br>L\u00f6wenhof Art Award, Frankfurt\/M., GER<br>Art Award St. Andreasberg, GER<\/p>\n\n\n\n<p>2006<\/p>\n\n\n\n<p>Memo, Gallery 14, Paris, FRA<br>Heimkehr, CP Gallery, Wiesbaden, GER<br>Don\u00b4t Talk About It, with Ceal Floyer and Karin Sander, project Wilsnacker Str., Berlin, GER<br>Four Seasons, Brennecke Gallery, Berlin, GER<br>scope Miami, with CP Gallery, Miami, USA<\/p>\n\n\n\n<p>2005<\/p>\n\n\n\n<p>Natur-lich, CP Gallery, Wiesbaden, GER<br>15 Jahre Herbst, Brennecke Gallery, Berlin, GER<br>Master degree show, UdK Berlin, GER<br>Four Spring, Brennecke Gallery, Berlin, GER<\/p>\n\n\n\n<p>2004<\/p>\n\n\n\n<p>Final Degree Show, UdK, Berlin, GER<br>Letting go, Mackintosh Building, Glasgow, GBR<\/p>\n\n\n\n<p>2002<\/p>\n\n\n\n<p>ARTANALE, Berlin, GER<br>Il Sonno, Granma Gallery, Rome, ITA<\/p>\n\n\n\n<p>&nbsp;<\/p>\n\n\n\n<p><strong>Collections (public)<br><\/strong><\/p>\n\n\n\n<p>Collection of the German parliament Deutscher Bundestag, Berlin, GER<br>Picasso Collection, Paris, FRA<br>Collection of the City of Uppsala, SWE<br>Collection Petro \/ de Chalendar, Paris, FRA \/ Budapest, HUN<br>Collection of the City of Gothenburg, SWE<br>Museumsberg, Municipal Museum Flensburg, GER<\/p>\n\n\n\n<p>Sal. Oppenheim Collection, Cologne, GER<br>Collection at Willy-Brandt-Haus, Berlin, GER<br>CNC Collection, Berlin, GER<br>Collection of the Investitionsbank Berlin, Berlin, GER<br>HSE Collection, Darmstadt, GER<br>Vattenfall-Collection, Berlin, GER<br>Grundfos-Collection, Bjerringbro, DEN<br>Kerber Publisher Collection, Berlin \/ Bielefeld, GER<br>Collection of the Province V\u00e4stra G\u00f6taland, SWE<br>Museum of Contemporary Art &#8211; Hurrle Collection, Durbach, GER<br>Holtmann Collection, Hannover, GER<\/p>\n","protected":false},"excerpt":{"rendered":"<p>Andrea Damp subtly balances abstraction and \ufb01guration in her paintings. Her works are created in a sophisticated process of layers and superimpositions, which make the sensual process of the painting&#8217;s creation palpable.With the use of \ufb01gurative elements, the painter transforms her compositions into narrative, associative pictorial worlds that are characterized by atmosphere and emotional expression. &#8230; <a title=\"Andrea Damp | CV\" class=\"read-more\" href=\"https:\/\/www.janinebeangallery.com\/en\/?page_id=15671\" aria-label=\"Read more about Andrea Damp | CV\">Read more<\/a><\/p>\n","protected":false},"author":2,"featured_media":0,"parent":0,"menu_order":0,"comment_status":"closed","ping_status":"closed","template":"","meta":{"ngg_post_thumbnail":0,"footnotes":""},"class_list":["post-15671","page","type-page","status-publish"],"_links":{"self":[{"href":"https:\/\/www.janinebeangallery.com\/en\/index.php?rest_route=\/wp\/v2\/pages\/15671","targetHints":{"allow":["GET"]}}],"collection":[{"href":"https:\/\/www.janinebeangallery.com\/en\/index.php?rest_route=\/wp\/v2\/pages"}],"about":[{"href":"https:\/\/www.janinebeangallery.com\/en\/index.php?rest_route=\/wp\/v2\/types\/page"}],"author":[{"embeddable":true,"href":"https:\/\/www.janinebeangallery.com\/en\/index.php?rest_route=\/wp\/v2\/users\/2"}],"replies":[{"embeddable":true,"href":"https:\/\/www.janinebeangallery.com\/en\/index.php?rest_route=%2Fwp%2Fv2%2Fcomments&post=15671"}],"version-history":[{"count":17,"href":"https:\/\/www.janinebeangallery.com\/en\/index.php?rest_route=\/wp\/v2\/pages\/15671\/revisions"}],"predecessor-version":[{"id":19075,"href":"https:\/\/www.janinebeangallery.com\/en\/index.php?rest_route=\/wp\/v2\/pages\/15671\/revisions\/19075"}],"wp:attachment":[{"href":"https:\/\/www.janinebeangallery.com\/en\/index.php?rest_route=%2Fwp%2Fv2%2Fmedia&parent=15671"}],"curies":[{"name":"wp","href":"https:\/\/api.w.org\/{rel}","templated":true}]}}