{"id":15169,"date":"2021-09-28T14:19:55","date_gmt":"2021-09-28T13:19:55","guid":{"rendered":"https:\/\/www.janinebeangallery.com\/en\/?page_id=15169"},"modified":"2022-01-12T13:14:45","modified_gmt":"2022-01-12T12:14:45","slug":"petra-rintelen-in-the-salon","status":"publish","type":"page","link":"https:\/\/www.janinebeangallery.com\/en\/?page_id=15169","title":{"rendered":"Petra Rintelen in the Salon"},"content":{"rendered":"<p>Petra&nbsp; Rintelen<\/p>\n<div class=\"entry-content\">solo exhibition at janinebeangallery Salon, November 22nd 2021 \u2013 February 24th 2022\n<p>&nbsp;<\/p>\n<h4>opening reception (2G) November 19th 6 &#8211; 9pm&nbsp; Uhr<\/h4>\n<h6>you may virtually visit the solo exhibition of Maxwell Dunlop as well as our Salon with paintings of Petra Rintelen as a Preview:<\/h6>\n<p><iframe loading=\"lazy\" src=\"https:\/\/janinebeangallery.com\/video\/Tour_Max-Petra\/Tour_Max-Petra.html\" allowfullscreen=\"allowfullscreen\" width=\"853\" height=\"480\" frameborder=\"0\"><\/iframe><\/p>\n<p>&nbsp;<\/p>\n<\/div>\n<p>Petra Rintelen was born in 1969 and studied from 1993 to 1997 at the art academy in Enschede in the Netherlands.<br>She took part in exhibitions in the Netherlands until 1998, including the Noorderzon Performing Arts Festival in Groningen.<br>In the 2000s she showed her work at various exhibitions and Project participation in the Cologne-Bonn area, including with Circus Roncalli in Cologne, in the Uniclub Bonn, in Kurf\u00fcrstlichen G\u00e4rtnerhaus (Bonn) and in the KHB (Bonn), supraregional in galleries in M\u00fcnster (Spiekerhof), Rottach-Egern (Hyna) and Frankfurt (Conzen).<\/p>\n\n\nngg_shortcode_0_placeholder\n","protected":false},"excerpt":{"rendered":"<p>Petra&nbsp; Rintelen solo exhibition at janinebeangallery Salon, November 22nd 2021 \u2013 February 24th 2022 &nbsp; opening reception (2G) November 19th 6 &#8211; 9pm&nbsp; Uhr you may virtually visit the solo exhibition of Maxwell Dunlop as well as our Salon with paintings of Petra Rintelen as a Preview: &nbsp; Petra Rintelen was born in 1969 and &#8230; <a title=\"Petra Rintelen in the Salon\" class=\"read-more\" href=\"https:\/\/www.janinebeangallery.com\/en\/?page_id=15169\" aria-label=\"Read more about Petra Rintelen in the Salon\">Read more<\/a><\/p>\n","protected":false},"author":2,"featured_media":0,"parent":0,"menu_order":0,"comment_status":"closed","ping_status":"closed","template":"","meta":{"ngg_post_thumbnail":0,"footnotes":""},"class_list":["post-15169","page","type-page","status-publish"],"_links":{"self":[{"href":"https:\/\/www.janinebeangallery.com\/en\/index.php?rest_route=\/wp\/v2\/pages\/15169","targetHints":{"allow":["GET"]}}],"collection":[{"href":"https:\/\/www.janinebeangallery.com\/en\/index.php?rest_route=\/wp\/v2\/pages"}],"about":[{"href":"https:\/\/www.janinebeangallery.com\/en\/index.php?rest_route=\/wp\/v2\/types\/page"}],"author":[{"embeddable":true,"href":"https:\/\/www.janinebeangallery.com\/en\/index.php?rest_route=\/wp\/v2\/users\/2"}],"replies":[{"embeddable":true,"href":"https:\/\/www.janinebeangallery.com\/en\/index.php?rest_route=%2Fwp%2Fv2%2Fcomments&post=15169"}],"version-history":[{"count":6,"href":"https:\/\/www.janinebeangallery.com\/en\/index.php?rest_route=\/wp\/v2\/pages\/15169\/revisions"}],"predecessor-version":[{"id":15370,"href":"https:\/\/www.janinebeangallery.com\/en\/index.php?rest_route=\/wp\/v2\/pages\/15169\/revisions\/15370"}],"wp:attachment":[{"href":"https:\/\/www.janinebeangallery.com\/en\/index.php?rest_route=%2Fwp%2Fv2%2Fmedia&parent=15169"}],"curies":[{"name":"wp","href":"https:\/\/api.w.org\/{rel}","templated":true}]}}