{"id":13139,"date":"2020-05-29T12:58:32","date_gmt":"2020-05-29T11:58:32","guid":{"rendered":"https:\/\/www.janinebeangallery.com\/en\/?page_id=13139"},"modified":"2020-09-23T13:15:02","modified_gmt":"2020-09-23T12:15:02","slug":"art-is-a-remedy-a-midsummer-nights-dream","status":"publish","type":"page","link":"https:\/\/www.janinebeangallery.com\/en\/?page_id=13139","title":{"rendered":"exhibitions 2020 | \u201eArt Is a Remedy \u2013 A Midsummer Night\u2019s Dream\u201c"},"content":{"rendered":"<p>June 19th \u2013 August 22nd 2020<\/p>\n<p>artists:<br>Anna Borowy, Peter Doherty, Kathrin G\u00fcnter, Florian Fausch, Beate H\u00f6ing, Rogelio Manzo, Juan Miguel Pozo, Arny Schmit, Martin Stommel, Armin V\u00f6lckers<\/p>\n<p><a href=\"https:\/\/www.janinebeangallery.com\/wp-content\/uploads\/2020\/06\/jbg_Portfolio_Art_Is_A_Remedy_II_en.pdf\">Portfolio_Art_Is_A_Remedy<\/a><\/p>\n<p>Art cannot replace a medicine and is yet a remedy against the estrangement and fear of the symptoms of time. A phenomenon like social distancing for instance is nothing new or strange neither thematically in artworks nor in the biographies of their artists. For the creative process uncertainty and change are rather the rule than the exception.<\/p>\n<p>In the second part of the exhibition we present mainly portraits. Interestingly a part of these artworks has been produced during the shutdown of the Corona crisis. Thus the perception of a period is provided which on the one hand has been experienced as a standstill and on the other hand as an extensive turning point.<\/p>\n<p>Preview:<\/p>\n\n\nngg_shortcode_0_placeholder\n","protected":false},"excerpt":{"rendered":"<p>June 19th \u2013 August 22nd 2020 artists:Anna Borowy, Peter Doherty, Kathrin G\u00fcnter, Florian Fausch, Beate H\u00f6ing, Rogelio Manzo, Juan Miguel Pozo, Arny Schmit, Martin Stommel, Armin V\u00f6lckers Portfolio_Art_Is_A_Remedy Art cannot replace a medicine and is yet a remedy against the estrangement and fear of the symptoms of time. A phenomenon like social distancing for instance &#8230; <a title=\"exhibitions 2020 | \u201eArt Is a Remedy \u2013 A Midsummer Night\u2019s Dream\u201c\" class=\"read-more\" href=\"https:\/\/www.janinebeangallery.com\/en\/?page_id=13139\" aria-label=\"Read more about exhibitions 2020 | \u201eArt Is a Remedy \u2013 A Midsummer Night\u2019s Dream\u201c\">Read more<\/a><\/p>\n","protected":false},"author":2,"featured_media":0,"parent":0,"menu_order":0,"comment_status":"closed","ping_status":"closed","template":"","meta":{"ngg_post_thumbnail":0,"footnotes":""},"class_list":["post-13139","page","type-page","status-publish"],"_links":{"self":[{"href":"https:\/\/www.janinebeangallery.com\/en\/index.php?rest_route=\/wp\/v2\/pages\/13139","targetHints":{"allow":["GET"]}}],"collection":[{"href":"https:\/\/www.janinebeangallery.com\/en\/index.php?rest_route=\/wp\/v2\/pages"}],"about":[{"href":"https:\/\/www.janinebeangallery.com\/en\/index.php?rest_route=\/wp\/v2\/types\/page"}],"author":[{"embeddable":true,"href":"https:\/\/www.janinebeangallery.com\/en\/index.php?rest_route=\/wp\/v2\/users\/2"}],"replies":[{"embeddable":true,"href":"https:\/\/www.janinebeangallery.com\/en\/index.php?rest_route=%2Fwp%2Fv2%2Fcomments&post=13139"}],"version-history":[{"count":8,"href":"https:\/\/www.janinebeangallery.com\/en\/index.php?rest_route=\/wp\/v2\/pages\/13139\/revisions"}],"predecessor-version":[{"id":13770,"href":"https:\/\/www.janinebeangallery.com\/en\/index.php?rest_route=\/wp\/v2\/pages\/13139\/revisions\/13770"}],"wp:attachment":[{"href":"https:\/\/www.janinebeangallery.com\/en\/index.php?rest_route=%2Fwp%2Fv2%2Fmedia&parent=13139"}],"curies":[{"name":"wp","href":"https:\/\/api.w.org\/{rel}","templated":true}]}}