{"id":13054,"date":"2020-04-04T07:16:21","date_gmt":"2020-04-04T06:16:21","guid":{"rendered":"https:\/\/www.janinebeangallery.com\/en\/?page_id=13054"},"modified":"2020-09-23T13:17:08","modified_gmt":"2020-09-23T12:17:08","slug":"art-is-a-remedy","status":"publish","type":"page","link":"https:\/\/www.janinebeangallery.com\/en\/?page_id=13054","title":{"rendered":"exhibitions 2020 | \u201eArt Is a Remedy\u201c"},"content":{"rendered":"<p>\u201eArt Is a Remedy\u201c<\/p>\n<p>Art cannot replace a medicine and is yet a remedy against the estrangement and fear of the symptoms of time. A phenomenon like social distancing for instance is nothing new or strange neither thematically in artworks nor in the biographies of their artists. For the creative process uncertainty and change are rather the rule than the exception.<\/p>\n<p>artists:<br>Inna Artemova, Anna Borowy, Dominik Butzmann, Peter Doherty, Kathrin G\u00fcnter, Florian Fausch, Beate H\u00f6ing, Sebastian M\u00f6gelin, Arny Schmit, Martin Stommel, Armin V\u00f6lckers and Margarete Kreuzer<\/p>\n\n\nngg_shortcode_0_placeholder\n\n\n\n<figure class=\"wp-block-embed-youtube wp-block-embed is-type-video is-provider-youtube wp-embed-aspect-16-9 wp-has-aspect-ratio\"><div class=\"wp-block-embed__wrapper\">\n<iframe loading=\"lazy\" title=\"Art Is A Remedy\" width=\"1200\" height=\"675\" src=\"https:\/\/www.youtube.com\/embed\/VfLjAFvYelA?feature=oembed\" frameborder=\"0\" allow=\"accelerometer; autoplay; clipboard-write; encrypted-media; gyroscope; picture-in-picture\" allowfullscreen><\/iframe>\n<\/div><\/figure>\n","protected":false},"excerpt":{"rendered":"<p>\u201eArt Is a Remedy\u201c Art cannot replace a medicine and is yet a remedy against the estrangement and fear of the symptoms of time. A phenomenon like social distancing for instance is nothing new or strange neither thematically in artworks nor in the biographies of their artists. For the creative process uncertainty and change are &#8230; <a title=\"exhibitions 2020 | \u201eArt Is a Remedy\u201c\" class=\"read-more\" href=\"https:\/\/www.janinebeangallery.com\/en\/?page_id=13054\" aria-label=\"Read more about exhibitions 2020 | \u201eArt Is a Remedy\u201c\">Read more<\/a><\/p>\n","protected":false},"author":2,"featured_media":0,"parent":0,"menu_order":0,"comment_status":"closed","ping_status":"closed","template":"","meta":{"ngg_post_thumbnail":0,"footnotes":""},"class_list":["post-13054","page","type-page","status-publish"],"_links":{"self":[{"href":"https:\/\/www.janinebeangallery.com\/en\/index.php?rest_route=\/wp\/v2\/pages\/13054","targetHints":{"allow":["GET"]}}],"collection":[{"href":"https:\/\/www.janinebeangallery.com\/en\/index.php?rest_route=\/wp\/v2\/pages"}],"about":[{"href":"https:\/\/www.janinebeangallery.com\/en\/index.php?rest_route=\/wp\/v2\/types\/page"}],"author":[{"embeddable":true,"href":"https:\/\/www.janinebeangallery.com\/en\/index.php?rest_route=\/wp\/v2\/users\/2"}],"replies":[{"embeddable":true,"href":"https:\/\/www.janinebeangallery.com\/en\/index.php?rest_route=%2Fwp%2Fv2%2Fcomments&post=13054"}],"version-history":[{"count":11,"href":"https:\/\/www.janinebeangallery.com\/en\/index.php?rest_route=\/wp\/v2\/pages\/13054\/revisions"}],"predecessor-version":[{"id":13772,"href":"https:\/\/www.janinebeangallery.com\/en\/index.php?rest_route=\/wp\/v2\/pages\/13054\/revisions\/13772"}],"wp:attachment":[{"href":"https:\/\/www.janinebeangallery.com\/en\/index.php?rest_route=%2Fwp%2Fv2%2Fmedia&parent=13054"}],"curies":[{"name":"wp","href":"https:\/\/api.w.org\/{rel}","templated":true}]}}