{"id":11286,"date":"2018-06-29T14:02:52","date_gmt":"2018-06-29T13:02:52","guid":{"rendered":"http:\/\/www.janinebeangallery.com\/en\/?page_id=11286"},"modified":"2020-09-21T23:41:04","modified_gmt":"2020-09-21T22:41:04","slug":"cv-9","status":"publish","type":"page","link":"https:\/\/www.janinebeangallery.com\/en\/?page_id=11286","title":{"rendered":"Beate H\u00f6ing | CV"},"content":{"rendered":"<p>1966<\/p>\n<p>born in Coesfeld \/ Westfalen, Germany<\/p>\n<p>2001 \u2013 2005<\/p>\n<p>Studium an der Freien Kunstakademie Rhein-Ruhr in Essen und Krefeld bei Veit Johannes Stratmann<\/p>\n<p>2005<\/p>\n<p>Akademiebrief<\/p>\n<p>2008<\/p>\n<p>Kunstpreis der Bernd und Gisela Rosenheim-Stiftung, Offenbach<\/p>\n<p>seit 2010<\/p>\n<p>Dozentin an der Europ\u00e4ischen Akademie f\u00fcr Bildende Kunst, Trier<\/p>\n<p>2012<\/p>\n<p>Katalogf\u00f6rderung der LWL-Kulturstiftung<\/p>\n<p>2018<\/p>\n<p>Stipendium der Aldegrever Gesellschaft e.V., M\u00fcnster<\/p>\n<p>Mitglied im Deutschen K\u00fcnstlerbund<\/p>\n<p>&nbsp;<\/p>\n<p>collections (public)<\/p>\n<p>Stadtmuseum Siegbug<br \/>\nKeramikmuseum Westerwald<br \/>\nSammlung des Bezirks V\u00e4stra G\u00f6taland, Schweden<br \/>\nSammlung des Kreises Steinfurt<br \/>\nSammlung der Bernd und Gisela Rosenheim Stiftung<br \/>\nSammlung Peter Tedden<br \/>\nSammlung der Letter Stiftung<\/p>\n<p>Hetjes Museum, D\u00fcsseldorf<\/p>\n<p>solo exhibitions (selection)<\/p>\n<p>2020<\/p>\n<p>solo exhibition at janinebeangallery, February 15th \u2013 April 3rd 2020<\/p>\n<p>2019<\/p>\n<p>girls girls girls, galleri NB, Viborg, DK<br \/>\nVielen Dank f\u00fcr die Blumen, dst. galerie, M\u00fcnster, Germany<\/p>\n<p>2018<\/p>\n<p>F\u00f6hn, Kunstverein Landshut, mit Gabriele Basch<br \/>\nHello again, Galleri Thomassen, G\u00f6teborg \/ Schweden<\/p>\n<p>2017<\/p>\n<p>birds and beasts, Galleria Salvatore Lanteri, Mailand \/ Italien<br \/>\nlet\u2019s play, Galerie Freitag 18.30, Aachen<br \/>\nGalerie Wildes Weiss, Bremen,&nbsp;mit Jakob Roepke<\/p>\n<p>2016<\/p>\n<p>A THING OF BEAUTY, Kunstverein Trier<br \/>\nund immer in der Nacht f\u00e4llt mir was ein, dst. Galerie, M\u00fcnster<\/p>\n<p>2015<\/p>\n<p>da drau\u00dfen, Kunstverein Unna (K)<br \/>\nIrgendwie stimmt was nicht, Galerie Roy, Z\u00fclpich<br \/>\nGalerie Peter Tedden, D\u00fcsseldorf, mit Alke Reeh<br \/>\nin-between, dst.galerie, M\u00fcnster<\/p>\n<p>2014<\/p>\n<p>fragil, Galleri Thomassen, G\u00f6teborg \/ Schweden<br \/>\nfeel at home, Kunstverein Kunstkreis Meppen<br \/>\nheimisch, Kunstverein Norden<br \/>\nBesuch, Religio, Westf\u00e4lisches Museum f\u00fcr religi\u00f6se Kultur, Telgte<br \/>\nkein vogellied, Galerie Wildes Weiss, Bremen (K)<\/p>\n<p>2013<\/p>\n<p>homezone, Stadtmuseum Siegburg (K)<br \/>\nhome sweet home, Kunstverein Kreis G\u00fctersloh (K)<br \/>\none artist show, Art Karlsruhe, mit Galerie Peter Tedden, D\u00fcsseldorf (K)<br \/>\nPorzellanwerkstatt Eberhard Schulz, K\u00f6ln<\/p>\n<p>2012<\/p>\n<p>home affairs, Stadtmuseum Beckum (K)<\/p>\n<p>2011<\/p>\n<p>fragile memory, Galerie Jos Art, Amsterdam \/ NL<br \/>\nBitte nicht ber\u00fchren!, Museum Burg Vischering, L\u00fcdinghausen, mit Sybille Kroos<br \/>\nHeimspiel, Ausstellungshalle Hawerkamp 31, M\u00fcnster, mit Elke Dombrowski<\/p>\n<p>2010<\/p>\n<p>Memory Works, Kunstverein Greven<br \/>\nGalerie Peter Tedden, D\u00fcsseldorf, mit Xianwei Zhu (K)<br \/>\nfellig privat, St\u00e4dtische Galerie, Villa van Delden, Ahaus, mit Maren Ruben<\/p>\n<p>2008<\/p>\n<p>Make yourself at home, Het Agterhuis, Hengelo \/ NL (K)<\/p>\n<p>2004<\/p>\n<p>Stadtmuseum Warendorf<\/p>\n<p>&nbsp;<\/p>\n<p>group exhibitions (selections)<\/p>\n<p>2019<\/p>\n<p>Blaue Stunde, mit Simone Haack, Justine Otto, Miriam Vlaming, Galerie Schmalfuss, Berlin<br \/>\nAdults Only, Galerie Biesenbach, Cologne, Germany<br \/>\nmodern baroque, St\u00e4dtische Galerie Villa Streccius, Landau, Germany<br \/>\nThe Easter Groupshow, Galleri Thomassen, G\u00f6teborg \/ Sweden<br \/>\nSommerfrische, Galerie Schmalfuss, Marburg, Germany<br \/>\nsmall world, Galerie Biesenbach, Cologne, Germany<br \/>\nDIE GROSSE Kunstausstellung NRW 2019, Museum Kunstpalst, D\u00fcsseldorf (C), Germany<\/p>\n<p>2018<\/p>\n<p>&#8220;Du, Venus und Ich&#8221; with Anna Borowy, Peter Doherty, Beate H\u00f6ing, Jonathan Meese, janinebeangallery, Berlin<\/p>\n<p>DIE GROSSE Kunstausstellung NRW, Museum Kunstpalst, D\u00fcsseldorf (K)<br \/>\nJuxtaposition, Galerie Biesenbach, K\u00f6ln<br \/>\nArte Fiera, Bologna, mit Galleria Salvatore Lanteri, Mailand \/ Italien<br \/>\nArt &amp; Antik Messe, mit dst.galerie, M\u00fcnster<br \/>\nDer Apfel f\u00e4llt nicht weit vom Stamm, Galerie Peter Tedden, D\u00fcsseldorf (K)<br \/>\nON AND ON AND ON, Galleri Thomassen, G\u00f6teborg \/ Schweden<br \/>\ntjielp, galerie with tsjalling, Groningen, NL<br \/>\nPositions 3, kuratiert von Simone Haack, Galerie Obrist, Essen<br \/>\nICH LASSE GERNE EINEN BREITEN RAND AN MEINEM LEBEN, dst. galerie, M\u00fcnster<\/p>\n<p>2017<\/p>\n<p>A LOT A LOT, Galleri Thomassen, G\u00f6teborg \/ Schweden<br \/>\nColours in a white cube, Kunsthalle Trier<br \/>\nWendy, Ausstellungshalle Hawerkamp 31, M\u00fcnster<br \/>\nHeimat ?,&nbsp;Projektraum Deutscher K\u00fcnstlerbund, Berlin<br \/>\nNaturliebe \u2013 erneuerbare Haltungen,&nbsp;K\u00fcnstlerverein Walkm\u00fchle, Wiesbaden (K)<br \/>\nFace Time, kuratiert von Heike Kati Barath und C.A. Wertheim, Galerie Roy, Z\u00fclpich, (K)<br \/>\nSAME SAME \u2013 but different, dst.galerie, M\u00fcnster<br \/>\nP R E V I E W, Galerie Freitag 18.30, Marnach \/ Luxemburg (K)<\/p>\n<p>2016<\/p>\n<p>DIE GROSSE Kunstausstellung NRW, Museum Kunstpalast, D\u00fcsseldorf (K)<br \/>\nDEW21 Kunstpreis 2016 \u2013 Nominierung und Ausstellung, Dortmunder U, Dortmund<br \/>\n8. Naspa F\u00f6rderpreis, Keramik, Keramikmuseum Westerwald, H\u00f6hr-Grenzhausen (K)<br \/>\nDas 2. Gesicht \u2013 Portrait heute, Burg L\u00fcdinghausen, KaKtus Kulturforum e.V.<br \/>\nP R E V I E W, Galerie Freitag 18.30, Aachen (K)<br \/>\nSymposium, Forschungs-Feld, Telgte<br \/>\nSelbstwildnis, Kunsthalle Trier<br \/>\nAnonyme Zeichner, Kunstverein R\u00fcsselsheim<br \/>\nV\u00e5rutst\u00e4llning, Galleri Thomassen, G\u00f6teborg \/ Schweden<br \/>\nMiniaturen, Galerie Freitag 18.30, Aachen<br \/>\nSAME SAME \u2013 but different, dst. Galerie, M\u00fcnster<\/p>\n<p>2015<\/p>\n<p>Retrospektive \u2013 25 Jahre Kunst im Stadtmuseum, Stadtmuseum Siegburg<br \/>\nBilder von Menschen \/ Portr\u00e4t, Museum Holthausen \/ Schmallenberg<br \/>\nKunstverein Landshut, 45. Jahresausstellung, Soloshow (K)<br \/>\nArt Karlsruhe, mit Galerie Peter Tedden, D\u00fcsseldorf<br \/>\nP\u00e5sksalong, Galleri Thomassen, G\u00f6teborg \/ Schweden<br \/>\nAbsprung, Marie Wolfgang, Praxis und Werkstatt, Essen<br \/>\nR\u00e4ume, Skulpturen und andere Dinge, Kunsthalle Trier<br \/>\nSchloss Ludwigsburg, mit Kenji Fuchiwaki und Marianne End<br \/>\nM\u00fcnsteraner H\u00e4ngung II, Ausstellungshalle Hawerkamp 31, M\u00fcnster<br \/>\nAnonyme Zeichner 2015, Kunstverein Tiergarten, Galerie Nord, Berlin<br \/>\nAnonyme Zeichner 2015, Galerie ArtQ13, Rom \/ Italien<br \/>\nAnonyme Zeichner 2015, Galerie GEYSO20, Braunschweig<\/p>\n<p>2014<\/p>\n<p>DIE GROSSE Kunstausstellung NRW, Museum Kunstpalast, D\u00fcsseldorf (K)<br \/>\nP\u00e5sksalong, Galleri Thomassen, G\u00f6teborg \/ Schweden<br \/>\nFalscher Hase, Galerie M\u00fcnsterland, Emsdetten (K)<br \/>\nHerrgottswinkel, Galerie Peter Tedden, D\u00fcsseldorf (K)<br \/>\nFreundbilder \/ Feindbilder, Kunsthalle Trier<br \/>\nkonnektor #31 \u2013 Anh\u00e4ngsel \u2013 Forum f\u00fcr K\u00fcnste, Hannover<br \/>\nArt Copenhagen, mit Galleri Thomassen, G\u00f6teborg \/ Schweden (K)<\/p>\n<p>2013<\/p>\n<p>7. NASPA F\u00f6rderpreis, FIGURATIV \/ THE FIGURE, Keramikmuseum Westerwald, H\u00f6hr-Grenzhausen (K)<br \/>\nBeuysland ist abgebrannt, mit Galerie Peter Tedden, Kunstverein und St\u00e4dtische Galerie Speyer (K)<br \/>\ndrinnen binnen buiten drau\u00dfen, Kers Gallery, Amsterdam \/ NL (K)<br \/>\ndrinnen binnen buiten drau\u00dfen, Galerie Roy, Z\u00fclpich (K)<br \/>\nNachtgeschichten, Kunsthalle Trier<br \/>\nGalerie Hosp, Innsbruck \/ A<\/p>\n<p>2012<\/p>\n<p>9. Kunstpreis Wesseling, Kunstverein Wesseling (K)<br \/>\nART FAIR K\u00f6ln, mit Galerie Peter Tedden, D\u00fcsseldorf<br \/>\nM\u00fcnsteraner H\u00e4ngung, Ausstellungshalle Hawerkamp 31, M\u00fcnster<br \/>\n1977, Kunsthalle Trier<\/p>\n<p>2011<\/p>\n<p>Art Karlsruhe, mit Galerie Peter Tedden, D\u00fcsseldorf<br \/>\nZerbrechlich!, Kunsthalle Trier<br \/>\nsculpture works, Galerie kunst-raum schulte-goltz+noelte, Essen<br \/>\ncross over, Gocart Gallery, Visby\/Schweden<\/p>\n<p>2010<\/p>\n<p>Animal Art, Kunstverein Schwetzingen\/Kunstverein Worms (K)<br \/>\nKindheit und Jugend, Kunsthalle Trier<br \/>\nHighlights zur Kulturhauptstadt, Galerie kunst-raum schulte-goltz+noelte, Essen<\/p>\n<p>2009<\/p>\n<p>Wahrheit, Badisches Kunstforum, Ebringen<br \/>\nDeck 4, Galerie Marianne Grob, Berlin, mit Friederike van Duiven<br \/>\nGalerie Marianne Grob, Berlin<br \/>\nBombe, Galerie Plan B, D\u00fcsseldorf<\/p>\n<p>2008<\/p>\n<p>Haus der Kunst, M\u00fcnchen, Neuer Kunstsalon (K)<br \/>\nKunsthalle Villa Kobe, Halle\/Saale, Gro\u00dfe Kunstausstellung (K)<br \/>\nForum 2008, Burg Vischering, L\u00fcdinghausen (K)<br \/>\nKunstpreis der Bernd-Rosenheim-Stiftung, Offenbach (K)<\/p>\n<p>2007<\/p>\n<p>Kunsthaus Kloster Gravenhorst, H\u00f6rstel (K)<br \/>\nHaus der Kunst, M\u00fcnchen, Gro\u00dfe Kunstausstellung (K)<br \/>\nKunsthalle Villa Kobe, Halle\/Saale, Gro\u00dfe Kunstausstellung (K)<br \/>\nWer, Wo und mit Wem, Haus der Niederlande, M\u00fcnster<br \/>\nKoordinaten, LWL-Landeshaus, M\u00fcnster (K)<\/p>\n<p>2006<\/p>\n<p>Kunsthalle Villa Kobe, Halle\/Saale, Gro\u00dfe Kunstausstellung (K)<br \/>\nKunsthaus Kloster Gravenhorst, H\u00f6rstel (K)<br \/>\nLandesmuseum M\u00fcnster, 175 Jahre Westf\u00e4lischer Kunstverein<\/p>\n<p>2005<\/p>\n<p>Speicherstadt Nord, M\u00fcnster<\/p>\n","protected":false},"excerpt":{"rendered":"<p>1966 born in Coesfeld \/ Westfalen, Germany 2001 \u2013 2005 Studium an der Freien Kunstakademie Rhein-Ruhr in Essen und Krefeld bei Veit Johannes Stratmann 2005 Akademiebrief 2008 Kunstpreis der Bernd und Gisela Rosenheim-Stiftung, Offenbach seit 2010 Dozentin an der Europ\u00e4ischen Akademie f\u00fcr Bildende Kunst, Trier 2012 Katalogf\u00f6rderung der LWL-Kulturstiftung 2018 Stipendium der Aldegrever Gesellschaft e.V., &#8230; <a title=\"Beate H\u00f6ing | CV\" class=\"read-more\" href=\"https:\/\/www.janinebeangallery.com\/en\/?page_id=11286\" aria-label=\"Read more about Beate H\u00f6ing | CV\">Read more<\/a><\/p>\n","protected":false},"author":2,"featured_media":0,"parent":0,"menu_order":0,"comment_status":"closed","ping_status":"closed","template":"","meta":{"ngg_post_thumbnail":0,"footnotes":""},"class_list":["post-11286","page","type-page","status-publish"],"_links":{"self":[{"href":"https:\/\/www.janinebeangallery.com\/en\/index.php?rest_route=\/wp\/v2\/pages\/11286","targetHints":{"allow":["GET"]}}],"collection":[{"href":"https:\/\/www.janinebeangallery.com\/en\/index.php?rest_route=\/wp\/v2\/pages"}],"about":[{"href":"https:\/\/www.janinebeangallery.com\/en\/index.php?rest_route=\/wp\/v2\/types\/page"}],"author":[{"embeddable":true,"href":"https:\/\/www.janinebeangallery.com\/en\/index.php?rest_route=\/wp\/v2\/users\/2"}],"replies":[{"embeddable":true,"href":"https:\/\/www.janinebeangallery.com\/en\/index.php?rest_route=%2Fwp%2Fv2%2Fcomments&post=11286"}],"version-history":[{"count":5,"href":"https:\/\/www.janinebeangallery.com\/en\/index.php?rest_route=\/wp\/v2\/pages\/11286\/revisions"}],"predecessor-version":[{"id":13531,"href":"https:\/\/www.janinebeangallery.com\/en\/index.php?rest_route=\/wp\/v2\/pages\/11286\/revisions\/13531"}],"wp:attachment":[{"href":"https:\/\/www.janinebeangallery.com\/en\/index.php?rest_route=%2Fwp%2Fv2%2Fmedia&parent=11286"}],"curies":[{"name":"wp","href":"https:\/\/api.w.org\/{rel}","templated":true}]}}