{"id":11103,"date":"2018-05-24T10:58:21","date_gmt":"2018-05-24T09:58:21","guid":{"rendered":"http:\/\/www.janinebeangallery.com\/en\/?page_id=11103"},"modified":"2018-05-25T10:15:34","modified_gmt":"2018-05-25T09:15:34","slug":"datenschutz","status":"publish","type":"page","link":"https:\/\/www.janinebeangallery.com\/en\/?page_id=11103","title":{"rendered":"Privacy Policy"},"content":{"rendered":"<p class=\"paragraph18133da5df62778e\"><span class=\"textbf337482c2a1928d\">Datenschutzerkl\u00e4rung<\/span><span class=\"text60586d9936f68dc8\"><br \/>\n<\/span><\/p>\n<p class=\"paragraph18133da5df62778e\"><span class=\"text60586d9936f68dc8\">Die Website www.janinebeangallery.com wird von dem Internet-Service-Provider <a href=\"https:\/\/all-inkl.com\/\">all-inkl.com<\/a>, Neue Medien M\u00fcnnich, Hauptstrasse 68, 02742 Friedersdorf<\/span><span class=\"text60586d9936f68dc8\"> gehostet. Alle Serverstandorte befinden sich nach Angaben des Providers in Dresden.<\/span><span class=\"text60586d9936f68dc8\"><br \/>\n<\/span><\/p>\n<p class=\"paragraph18133da5df62778e\"><span class=\"text60586d9936f68dc8\">Eine Nutzung der Website www.janinebeangallery.com ist grunds\u00e4tzlich ohne die Angabe personenbezogener Daten m\u00f6glich. Welche personenbeziehbaren Daten technisch bedingt bei der Benutzung dieser \u2013 wie auch jeder anderen Website \u2013 z.B. auf den Servern des Hosters erfasst werden, ist im Absatz \u00bbServerlogfiles\u00ab dargestellt.<br \/>\n<\/span><\/p>\n<p class=\"paragraph18133da5df62778e\"><span class=\"textbf337482c2a1928d\">\u00dcbermittlung personenbezogener Daten<br \/>\n<\/span><\/p>\n<p class=\"paragraph18133da5df62778e\"><span class=\"text60586d9936f68dc8\">Personenbezogene Daten, die Benutzer freiwillig \u2013 z.B. im Rahmen der Kontaktaufnahme \u00fcber eine E-Mail \u2013 an die Betreiberin \u00fcbermitteln, werden an die Betreiberin weitergeleitet (E-Mail). Ihre auf diesem Wege \u00fcbermittelten personenbezogenen Daten werden f\u00fcr die Bearbeitung der Anfrage sowie f\u00fcr den Fall, dass Anschlussfragen entstehen, gespeichert. Die Speicherung und Verarbeitung Ihrer personenbezogenen Daten erfolgt in \u00dcbereinstimmung mit den geltenden Datenschutzbestimmungen. Die Nutzung Ihrer personenbezogenen Daten erfolgt nur in dem Umfang und zu dem Zweck, zu dem Sie der Betreiberin Ihre Einwilligung erteilt haben. Sie werden nicht an Dritte weitergegeben.<br \/>\n<\/span><\/p>\n<p class=\"paragraph18133da5df62778e\"><span class=\"text60586d9936f68dc8\">Auskunft dar\u00fcber, welche Ihrer personenbezogenen Daten bei der Betreiberin gespeichert sind und f\u00fcr welche Verwendung Sie der Betreiberin Ihr Einverst\u00e4ndnis erteilt haben, erhalten Sie gerne auf Anfrage <\/span>per Post<span class=\"text60586d9936f68dc8\"> oder <\/span>per E-Mail<span class=\"text60586d9936f68dc8\">.<br \/>\n<\/span><\/p>\n<p class=\"paragraph18133da5df62778e\"><span class=\"text60586d9936f68dc8\">Ihre Einwilligung zur Verwendung Ihrer personenbezogenen Daten k\u00f6nnen Sie jederzeit <\/span><a href=\"http:\/\/janinebeangallery.com\/kontakt\">per Post<\/a> <span class=\"text60586d9936f68dc8\">oder <\/span><a href=\"http:\/\/janinebeangallery.com\/kontakt\">per E-Mail<\/a><span class=\"text60586d9936f68dc8\"> f\u00fcr die Zukunft \u00e4ndern oder vollst\u00e4ndig widerrufen. Widerrufen Sie die Verwendung Ihrer personenbezogenen Daten werden diese vollst\u00e4ndig gel\u00f6scht. Eine sp\u00e4tere Reaktivierung ist dann nicht mehr m\u00f6glich.<br \/>\n<\/span><\/p>\n<p class=\"paragraph18133da5df62778e\"><span class=\"textbf337482c2a1928d\">Sicherheit<\/span><span class=\"text60586d9936f68dc8\"><br \/>\n<\/span><\/p>\n<p class=\"paragraph18133da5df62778e\"><span class=\"text60586d9936f68dc8\">Elektronische Kommunikation kann nie vollkommen sicher sein. Alle Daten und Informationen, die Sie online abrufen und\/oder \u00fcbermitteln, k\u00f6nnen von Dritten auf widerrechtlichem Wege erlangt werden. F\u00fcr die Offenlegung von Informationen durch Fehler und\/oder widerrechtlichen Zugriff bei der Daten\u00fcbertragung durch Dritte k\u00f6nnen wir keine Verantwortung oder Haftung \u00fcbernehmen. Sie k\u00f6nnen darum Ihre Mitteilungen und personenbezogenen Daten auch immer auf alternativen Wegen, beispielsweise <\/span><a href=\"http:\/\/janinebeangallery.com\/kontakt\">telefonisch oder per Post <\/a><span class=\"text60586d9936f68dc8\">an uns \u00fcbermitteln.<br \/>\n<\/span><\/p>\n<p class=\"paragraph18133da5df62778e\"><span class=\"textbf337482c2a1928d\">Serverlogfiles<\/span><span class=\"text60586d9936f68dc8\"><br \/>\n<\/span><\/p>\n<p class=\"paragraph18133da5df62778e\"><span class=\"text60586d9936f68dc8\">Bei jedem Zugriff eines Nutzers auf eine Seite aus dem Angebot www.janinebeangallery.com und bei jedem Abruf einer Datei werden beim Internet-Service-Provider Daten \u00fcber diesen Vorgang in Serverlogfiles gespeichert. Erfasst werden k\u00f6nnen:<br \/>\n<\/span><\/p>\n<p class=\"paragraph18133da5df62778e\"><span class=\"text60586d9936f68dc8\">die Seite, von der aus die Datei angefordert wurde<br \/>\n<\/span><\/p>\n<p class=\"paragraph18133da5df62778e\"><span class=\"text60586d9936f68dc8\">der Dateiname der abgerufenen Datei<br \/>\n<\/span><\/p>\n<p class=\"paragraph18133da5df62778e\"><span class=\"text60586d9936f68dc8\">das Datum und die Uhrzeit des Abrufs<br \/>\n<\/span><\/p>\n<p class=\"paragraph18133da5df62778e\"><span class=\"text60586d9936f68dc8\">die \u00fcbertragene Datenmenge<br \/>\n<\/span><\/p>\n<p class=\"paragraph18133da5df62778e\"><span class=\"text60586d9936f68dc8\">der Zugriffsstatus (Datei \u00fcbertragen, Datei nicht gefunden etc.)<br \/>\n<\/span><\/p>\n<p class=\"paragraph18133da5df62778e\"><span class=\"text60586d9936f68dc8\">die Bezeichnung des verwendeten Webbrowsers<br \/>\n<\/span><\/p>\n<p class=\"paragraph18133da5df62778e\"><span class=\"text60586d9936f68dc8\">die IP-Adresse des anfragenden Ger\u00e4ts<br \/>\n<\/span><\/p>\n<p class=\"paragraph18133da5df62778e\"><span class=\"text60586d9936f68dc8\">der anfragende Provider<br \/>\n<\/span><\/p>\n<p class=\"paragraph18133da5df62778e\"><span class=\"text60586d9936f68dc8\">das Betriebssystem des anfragenden Ger\u00e4ts<br \/>\n<\/span><\/p>\n<p class=\"paragraph18133da5df62778e\"><span class=\"text60586d9936f68dc8\">sowie weitere \u00e4hnliche Informationen, die der Gefahrenabwehr im Falle von Angriffen auf die Systeme des Providers dienen.<br \/>\n<\/span><\/p>\n<p class=\"paragraph18133da5df62778e\"><span class=\"text60586d9936f68dc8\">Diese Informationen werden ben\u00f6tigt, um die Inhalte dieser Website korrekt an Sie ausliefern zu k\u00f6nnen, um die Sicherheit des informationstechnologischen Systems und der Technik des Providers zu gew\u00e4hrleisten sowie um der Verpflichtung nachkommen zu k\u00f6nnen Strafverfolgungsbeh\u00f6rden im Falle eines Cyberangriffes die zur Strafverfolgung notwendigen Informationen bereitzustellen.<br \/>\n<\/span><\/p>\n<p class=\"paragraph18133da5df62778e\"><span class=\"text60586d9936f68dc8\">Diese Daten werden auf dem Server des Providers gespeichert und nur anonymisiert zu statistischen Zwecken \u00fcber die Nutzung der Website verwendet. R\u00fcckschl\u00fcsse auf einzelne Personen und deren Nutzungsverhalten sind daraus nicht m\u00f6glich. Eine Weitergabe an Dritte, auch in Ausz\u00fcgen, findet nicht statt. Vorbehalten bleibt die gesetzliche Verpflichtung gegen\u00fcber zust\u00e4ndigen Beh\u00f6rden diese Daten nachtr\u00e4glich zu pr\u00fcfen oder pr\u00fcfen zu lassen, wenn konkrete Anhaltspunkte f\u00fcr eine rechtswidrige Nutzung bekannt werden.<br \/>\n<\/span><\/p>\n<p class=\"paragraph18133da5df62778e\"><span class=\"textbf337482c2a1928d\">E-Mail-Newsletter<\/span><span class=\"text60586d9936f68dc8\"><br \/>\n<\/span><\/p>\n<p class=\"paragraph18133da5df62778e\"><span class=\"text60586d9936f68dc8\">Im Rahmen dieser Website besteht die M\u00f6glichkeit, per E-Mail f\u00fcr den Empfang eines E-Mail-Newsletters bei der Anbieterin f\u00fcr eine Eintragung in den Newletter anzufragen. <\/span><span class=\"text60586d9936f68dc8\"><br \/>\n<\/span><\/p>\n<p class=\"paragraph18133da5df62778e\"><span class=\"text60586d9936f68dc8\">Der E-Mail-Newsletter kann grunds\u00e4tzlich nur dann versandt werden, wenn die anfragende Person eine g\u00fcltige E-Mail-Adresse angegeben hat und ausdr\u00fccklich um den Newsletterversand gebeten hat.<br \/>\n<\/span><\/p>\n<p class=\"paragraph18133da5df62778e\"><span class=\"text60586d9936f68dc8\">Die im Rahmen einer Anmeldung zum E-Mail-Newsletter mitgeteilten personenbezogenen Daten werden ausschlie\u00dflich zum Versand des E-Mail-Newsletters verwendet und nicht an Dritte weitergegeben. Dar\u00fcberhinaus k\u00f6nnen eingetragene Empf\u00e4nger des E-Mail-Newsletters auch per pers\u00f6nlicher E-Mail angeschrieben werden, sofern dies f\u00fcr den Betrieb des Newsletter-Dienstes oder eine diesbez\u00fcgliche Eintragung erforderlich ist.<br \/>\n<\/span><\/p>\n<p class=\"paragraph18133da5df62778e\"><span class=\"text60586d9936f68dc8\">Die Einwilligung in die Speicherung und Verwendung der personenbezogenen Daten kann auch \u00fcber eine E-Mail jederzeit widerrufen werden.<br \/>\n<\/span><\/p>\n<p class=\"paragraph18133da5df62778e\"><span class=\"textbf337482c2a1928d\">Newsletter-Tracking<\/span><span class=\"text60586d9936f68dc8\"><br \/>\n<\/span><\/p>\n<p class=\"paragraph18133da5df62778e\"><span class=\"text60586d9936f68dc8\">Die im HTML-Format versendeten janinebeangallery Newsletter enthalten sogenannte Z\u00e4hlpixel. Ein Z\u00e4hlpixel ist eine eingebettete Miniaturgrafik, die es erm\u00f6glicht, eine Logdatei-Aufzeichnung anzulegen, um statistische Auswertungen \u00fcber den Erfolg oder Misserfolg des E-Mail-Newsletter-Versands zu f\u00fchren. So kann z.B. \u00fcberpr\u00fcft werden, ob der E-Mail-Newsletter ausgeliefert wurde, ob die E-Mail-Adresse noch aktiv existiert, ob und wann der E-Mail-Newsletter ge\u00f6ffnet wurde und welche in dem E-Mail-Newsletter befindlichen Links aufgerufen wurden.<br \/>\n<\/span><\/p>\n<p class=\"paragraph18133da5df62778e\"><span class=\"text60586d9936f68dc8\">Auch diese personenbeziehbaren Daten werden nicht an Dritte weitergegeben. Die Einwilligung in die Speicherung und Verwendung der personenbeziehbare Daten kann \u00fcber eine Email jederzeit widerrufen werden.<br \/>\n<\/span><\/p>\n<p class=\"paragraph18133da5df62778e\"><span class=\"textbf337482c2a1928d\">Cookies<\/span><span class=\"text60586d9936f68dc8\"><br \/>\n<\/span><\/p>\n<p class=\"paragraph18133da5df62778e\"><span class=\"text60586d9936f68dc8\">Diese Website verwendet an mehreren Stellen sogenannte Cookies. Cookies sind kleine Textdateien, die auf Ihrem Rechner abgelegt werden und die Ihr Browser speichert. Sie dienen dazu, das Angebot nutzerfreundlicher, effektiver und sicherer zu machen. Sie k\u00f6nnen auf den Einsatz von Cookies Einfluss nehmen. Die meisten Webbrowser bieten eine Option, die das Speichern von Cookies einschr\u00e4nkt oder ganz unterbindet. Bitte ber\u00fccksichtigen Sie, dass ohne Cookies die Funktion und der Komfort der Website eingeschr\u00e4nkt sein kann.<br \/>\n<\/span><\/p>\n<p class=\"paragraph18133da5df62778e\"><span class=\"textbf337482c2a1928d\">Profiling und automatisierte Entscheidungsfindungen<\/span><span class=\"text60586d9936f68dc8\"><br \/>\n<\/span><\/p>\n<p class=\"paragraph18133da5df62778e\"><span class=\"text60586d9936f68dc8\">Die janinebeangallery setzt keine Verfahren zur automatisierten Entscheidungsfindung und\/oder zum Profiling ein.<br \/>\n<\/span><\/p>\n<p class=\"paragraph18133da5df62778e\"><span class=\"textbf337482c2a1928d\">Eigenst\u00e4ndiges L\u00f6schen von personenbezogenen Daten<\/span><span class=\"text60586d9936f68dc8\"><br \/>\n<\/span><\/p>\n<p class=\"paragraph18133da5df62778e\"><span class=\"text60586d9936f68dc8\">Personenbezogene Daten werden nur f\u00fcr den Zeitraum gespeichert, der zur Erreichung des Speicherungszwecks erforderlich ist. Entf\u00e4llt der Speicherungszweck oder l\u00e4uft eine gesetzlich vorgeschriebene Speicherfrist ab, werden die personenbezogenen Daten eigenst\u00e4ndig gel\u00f6scht.<br \/>\n<\/span><\/p>\n<p><strong>Einsatz und Verwendung von Facebook<\/strong><\/p>\n<p>Wir haben auf unserer Internetseite Komponenten des sozialen Netzwerks Facebook integriert. Facebook wird von der Facebook Inc., Hacker Way, Menlo Park, CA 94025, U.S.A. betrieben. Verantwortlich f\u00fcr die Verarbeitung personenbezogener Daten, wenn die betroffene Person nicht in den USA oder Kanada lebt, ist die Facebook Ireland Limited, 4 Grand Canal Square, Dublin 2, Irland. Mit dem Aufruf einer der Unterseiten unserer Internetseite, auf der wir die Facebook-Komponente integriert haben, wird der Internetbrowser der betroffenen Person dazu veranlasst, eine Darstellung der entsprechenden Facebook-Komponenten von Facebook herunterzuladen. Hier\u00fcber erh\u00e4lt Facebook Kenntnis, dass diese Unterseite unserer Internetseite aufgerufen wurde. Eine \u00dcbersicht aller Facebook-Komponenten finden sie unter <a href=\"https:\/\/developers.facebook.com\/docs\/plugins\/?locale=de_DE\">https:\/\/developers.facebook.com\/docs\/plugins\/?locale=de_DE<\/a><\/p>\n<p>Wenn die betroffene Person bei Facebook eingeloggt ist, erkennt Facebook, dass die betroffene Person die Unterseite unserer Internetseite besucht. Diese Information wird von Facebook gesammelt und dem Facebook-Account der betroffenen Person zugeordnet. Eine \u00dcbermittlung dieser Daten kann zum Beispiel dadurch verhindert werden, dass die betroffene Person sich vor einem Aufruf unserer Internetseite aus ihrem Facebook-Account ausloggt und die Cookies l\u00f6scht. Die Datenschutzbestimmungen von Facebook finden Sie unter <a href=\"https:\/\/www.facebook.com\/about\/privacy\">https:\/\/www.facebook.com\/about\/privacy<\/a> Hieraus ergeben sich auch m\u00f6gliche Einstellungen zum Schutz der Privatsph\u00e4re und zur Unterdr\u00fcckung der Daten\u00fcbermittlung an Facebook.<\/p>\n<p><strong>Einsatz und Verwendung von YouTube<\/strong><\/p>\n<p>Wir haben auf unserer Internetseite Komponenten von YouTube integriert. Youtube wird von der Youtube LLC, 901 Cherry Ave, San Bruno, CA 94066, USA betrieben, einen Tochtergesellschaft von Google. Youtube ist ein Internet-Videoportal. Mit dem Aufruf der Unterseite dieser Internetseite, auf der die YouTube-Komponente integriert wurde, wird der Internetbrowser der betroffenen Person veranlasst, eine Komponente von YouTube herunterzuladen. Hier\u00fcber erh\u00e4lt YouTube Kenntnis von welcher Unterseite hierauf zugegriffen wurde. Wenn die betroffene Person mit ihrem YouTube-Account eingeloggt ist, erkennt YouTube dies und ordnet den Aufruf unserer Unterseite dem entsprechenden Account zu. Dies gilt auch, wenn die betroffene Person sp\u00e4ter unsere Internetseite besucht, ohne eine integrierte YouTube-Komponente anzuklicken. Eine \u00dcbermittlung dieser Daten kann zum Beispiel dadurch verhindert werden, dass die betroffene Person sich vor einem Aufruf unserer Interseite aus ihrem YouTube-Account ausloggt und die Cookies l\u00f6scht. Die von YouTube ver\u00f6ffentlichten Datenschutzbestimmungen finden Sie hier: &nbsp;https:\/\/policies.google.com\/privacy?hl=de<\/p>\n<p><strong>Einsatz und Verwendung von Instagram<\/strong><\/p>\n<p>Wir haben auf unserer Internetseite Komponenten des sozialen Netzwerks Instagram integriert. Instagram wird von Instagram Inc., 1601 Willow Road, Menlo Park, CA, 94025, USA, betrieben. Hierzu k\u00f6nnen z.B. Inhalte wie Bilder, Videos oder Texte und Schaltfl\u00e4chen geh\u00f6ren, bei denen Nutzer ihr Gefallen anzeigen k\u00f6nnen, den Account des Verfassers der Inhalte oder unsere Beitr\u00e4ge abonnieren k\u00f6nnen. Instagram verwendet Cookies, um das Nutzungsverhalten zu analysieren. Sofern die Nutzer Mitglieder der Plattform Instagram sind, kann Instagram den Aufruf der vorgenannten Inhalte und Funktionen den dortigen Profilen der Nutzer zuordnen. Die Datenschutzbestimmungen von Instagram finden Sie unter:&nbsp;<a href=\"http:\/\/instagram.com\/about\/legal\/privacy\/\">http:\/\/instagram.com\/about\/legal\/privacy\/<\/a>.<\/p>\n<p>Einsatz und Verwendung von Twitter<\/p>\n<p>Wir haben auf unserer Internetseite Komponenten des sozialen Netzwerks Twitter integriert. Twitter wird von Twitter Inc., 1355 Market Street, Suite 900, San Francisco, CA 94103, USA, betrieben. Hierzu k\u00f6nnen z.B. Inhalte wie Bilder, Videos oder Texte und Schaltfl\u00e4chen geh\u00f6ren, mit denen Nutzer ihr Gefallen anzeigen k\u00f6nnen, den Account des Verfassers der Inhalte oder unsere Beitr\u00e4ge abonnieren k\u00f6nnen. Sofern die Nutzer Mitglieder der Plattform Twitter sind, kann Twitter den Aufruf der vorgenannten Inhalte und Funktionen den dortigen Profilen der Nutzer zuordnen. Twitter ist unter dem Privacy-Shield-Abkommen zertifiziert und garantiert, das europ\u00e4ische Datenschutzrecht einzuhalten (<a href=\"https:\/\/www.privacyshield.gov\/participant?id=a2zt0000000TORzAAO&amp;status=Active\">https:\/\/www.privacyshield.gov\/participant?id=a2zt0000000TORzAAO&amp;status=Active<\/a>). Informationen zu Individualisierung und Datenschutz finden Sie hier:&nbsp;<a href=\"https:\/\/twitter.com\/de\/privacy\">https:\/\/twitter.com\/de\/privacy<\/a><\/p>\n<p class=\"paragraph18133da5df62778e\"><span class=\"textbf337482c2a1928d\">Ihre Rechte<\/span><span class=\"text60586d9936f68dc8\"><br \/>\n<\/span><\/p>\n<p class=\"paragraph18133da5df62778e\"><a class=\"link90b59475c4615a8b\" href=\"https:\/\/www.datenschutz-berlin.de\" target=\"_blank\" rel=\"noopener\">Das deutsche und europ\u00e4ische Datenschutzrecht gibt Ihnen eine Vielzahl von Rechten im Hinblick auf Ihre pers\u00f6nlichen Daten.<\/a><span class=\"text60586d9936f68dc8\"> Sie haben insbesondere jederzeit das Recht eine Best\u00e4tigung dar\u00fcber zu verlangen, ob Sie betreffende personenbezogene Daten verarbeitet werden, Auskunft dar\u00fcber zu erhalten welche personenbezogenen Daten gespeichert und verarbeitet werden, zu welchen Zwecken die Daten verwendet werden sowie falls m\u00f6glich die geplante Dauer, f\u00fcr die die personenbezogenen Daten gespeichert werden, oder, falls dies nicht m\u00f6glich ist, die Kriterien f\u00fcr die Festlegung dieser Dauer. Sie haben ausserdem das Recht eine Berichtigung oder die L\u00f6schung der Sie betreffenden personenbezogenen Daten zu verlangen sowie deren Verwendung einzuschr\u00e4nken oder der Verwendung ganz zu widersprechen. Sie k\u00f6nnen Auskunft \u00fcber die Herkunft der personenbezogenen Daten verlangen, sowie verlangen, die Sie betreffenden personenbezogenen Daten in einem strukturierten, g\u00e4ngigen und maschinenlesbaren Format ausgeh\u00e4ndigt zu bekommen. Es steht Ihnen frei, diese Daten anschlie\u00dfend einem anderen Verantwortlichen zu \u00fcbermitteln. Sie k\u00f6nnen sogar verlangen, dass wir \u2013 soweit dies technisch machbar ist und sofern hiervon nicht die Rechte und Freiheiten anderer Personen beeintr\u00e4chtigt werden \u2013 Ihre personenbezogenen Daten direkt an einen anderen Verantwortlichen \u00fcbermitteln.<br \/>\n<\/span><\/p>\n<p class=\"paragraph18133da5df62778e\"><span class=\"text60586d9936f68dc8\">Und nat\u00fcrlich k\u00f6nnen Sie sich bei der zust\u00e4ndigen Aufsichtsbeh\u00f6rde beschweren.<br \/>\n<\/span><\/p>\n<p class=\"paragraph18133da5df62778e\"><span class=\"text60586d9936f68dc8\">Berliner <\/span><a class=\"link90b59475c4615a8b\" href=\"https:\/\/www.datenschutz-berlin.de\" target=\"_blank\" rel=\"noopener\">Beauftragte f\u00fcr Datenschutz und Informationsfreiheit.<\/a><span class=\"text60586d9936f68dc8\"><br \/>\n<\/span><\/p>\n<p class=\"paragraph18133da5df62778e\"><span class=\"textbf337482c2a1928d\">Rechtswirksamkeit dieser Datenschutzerkl\u00e4rung<\/span><span class=\"text60586d9936f68dc8\"><br \/>\n<\/span><\/p>\n<p class=\"paragraph18133da5df62778e\"><span class=\"text60586d9936f68dc8\">Diese Datenschutzerkl\u00e4rung ist als Teil des Internetangebots www.janinebeangallery.com zu betrachten. Sofern Teile oder einzelne Formulierungen dieser Datenschutzerkl\u00e4rung der geltenden Rechtslage nicht, nicht mehr oder nicht vollst\u00e4ndig entsprechen sollten, bleiben die \u00fcbrigen Teile dieser Datenschutzerkl\u00e4rung in ihrem Inhalt und ihrer G\u00fcltigkeit davon unber\u00fchrt.<\/span><\/p>\n","protected":false},"excerpt":{"rendered":"<p>Datenschutzerkl\u00e4rung Die Website www.janinebeangallery.com wird von dem Internet-Service-Provider all-inkl.com, Neue Medien M\u00fcnnich, Hauptstrasse 68, 02742 Friedersdorf gehostet. Alle Serverstandorte befinden sich nach Angaben des Providers in Dresden. Eine Nutzung der Website www.janinebeangallery.com ist grunds\u00e4tzlich ohne die Angabe personenbezogener Daten m\u00f6glich. Welche personenbeziehbaren Daten technisch bedingt bei der Benutzung dieser \u2013 wie auch jeder anderen Website &#8230; <a title=\"Privacy Policy\" class=\"read-more\" href=\"https:\/\/www.janinebeangallery.com\/en\/?page_id=11103\" aria-label=\"Read more about Privacy Policy\">Read more<\/a><\/p>\n","protected":false},"author":2,"featured_media":0,"parent":0,"menu_order":0,"comment_status":"closed","ping_status":"closed","template":"","meta":{"ngg_post_thumbnail":0,"footnotes":""},"class_list":["post-11103","page","type-page","status-publish"],"_links":{"self":[{"href":"https:\/\/www.janinebeangallery.com\/en\/index.php?rest_route=\/wp\/v2\/pages\/11103","targetHints":{"allow":["GET"]}}],"collection":[{"href":"https:\/\/www.janinebeangallery.com\/en\/index.php?rest_route=\/wp\/v2\/pages"}],"about":[{"href":"https:\/\/www.janinebeangallery.com\/en\/index.php?rest_route=\/wp\/v2\/types\/page"}],"author":[{"embeddable":true,"href":"https:\/\/www.janinebeangallery.com\/en\/index.php?rest_route=\/wp\/v2\/users\/2"}],"replies":[{"embeddable":true,"href":"https:\/\/www.janinebeangallery.com\/en\/index.php?rest_route=%2Fwp%2Fv2%2Fcomments&post=11103"}],"version-history":[{"count":7,"href":"https:\/\/www.janinebeangallery.com\/en\/index.php?rest_route=\/wp\/v2\/pages\/11103\/revisions"}],"predecessor-version":[{"id":11113,"href":"https:\/\/www.janinebeangallery.com\/en\/index.php?rest_route=\/wp\/v2\/pages\/11103\/revisions\/11113"}],"wp:attachment":[{"href":"https:\/\/www.janinebeangallery.com\/en\/index.php?rest_route=%2Fwp%2Fv2%2Fmedia&parent=11103"}],"curies":[{"name":"wp","href":"https:\/\/api.w.org\/{rel}","templated":true}]}}