{"id":10682,"date":"2018-02-20T15:59:21","date_gmt":"2018-02-20T14:59:21","guid":{"rendered":"http:\/\/www.janinebeangallery.com\/en\/?page_id=10682"},"modified":"2021-07-15T12:25:17","modified_gmt":"2021-07-15T11:25:17","slug":"cv-juan-miguel-pozo","status":"publish","type":"page","link":"https:\/\/www.janinebeangallery.com\/en\/?page_id=10682","title":{"rendered":"Juan Miguel Pozo | CV"},"content":{"rendered":"<p><img loading=\"lazy\" decoding=\"async\" class=\"wp-image-10799 size-medium alignleft\" src=\"https:\/\/www.janinebeangallery.com\/en\/wp-content\/uploads\/2018\/02\/J.MP_-300x251.jpg\" alt=\"\" width=\"300\" height=\"251\" srcset=\"https:\/\/www.janinebeangallery.com\/en\/wp-content\/uploads\/2018\/02\/J.MP_-300x251.jpg 300w, https:\/\/www.janinebeangallery.com\/en\/wp-content\/uploads\/2018\/02\/J.MP_-768x642.jpg 768w, https:\/\/www.janinebeangallery.com\/en\/wp-content\/uploads\/2018\/02\/J.MP_-500x418.jpg 500w, https:\/\/www.janinebeangallery.com\/en\/wp-content\/uploads\/2018\/02\/J.MP_.jpg 960w\" sizes=\"auto, (max-width: 300px) 100vw, 300px\" \/><\/p>\n<p>Juan Miguel Pozo Cruz was born 1967 in Holguin, Cuba. During his time as an art student at the University of Havana a German journalist discovered him in 1994, drawing the attention of friendly artists like Konrad Klapheck on the Cuban painter. These artists advocated for Pozo\u2018s scholarship at the Art Academy D\u00fcsseldorf in Germany, enabling him to emigrate to Europe. The artworks of Juan Pozo are part of such renowned international art collections as Ella Fontanals Cisneros, <span class=\"st\">P\u00e9rez Art Museum Miami (PAMM)<em>,<\/em><\/span> Falckenberg, Ludwig, Nachmann and Sean Penn and many more.<\/p>\n<p>&nbsp;<\/p>\n<p>&nbsp;<\/p>\n<p>&nbsp;<\/p>\n<p><strong>CV<\/strong><\/p>\n<p>1967 born in Holguin, Cuba<br \/>\nArt School for Painting and Drawing, Isla de Pinos, Cuba<br \/>\nCuba Art School, University of Havana, Cuba<br \/>\nCuba Academia de Arte San Alejandro, Havana, Cuba<br \/>\nArt Academy D\u00fcsseldorf, Germany, at Prof. K. Klapheck<\/p>\n<p>&nbsp;<\/p>\n<p><strong>Solo Exhibitions<\/strong> (selection)<\/p>\n<p>2020<\/p>\n<p style=\"text-align: left; padding-left: 40px;\">Juan Miguel Pozo, Galerie Nardone, Brussels, Belgium<\/p>\n<p>2019<\/p>\n<p style=\"padding-left: 40px;\">\u201eDie Zukunft war ein Ort\u201c, janinebeangallery, Berlin, Germany<br \/>\n\u201eGoliath The Man In The High Castle\u201c, Galerie Nardone, Brussels, Belgium<br \/>\nKnoerle &amp; Baettig, Winterthur, Switzerland<\/p>\n<p>2018<\/p>\n<p style=\"padding-left: 40px;\">\u201eAfter The Storm\u201c, Galeria Est\u00e9reo, Monterrey, Mexico<\/p>\n<p>2017<\/p>\n<p style=\"padding-left: 40px;\">\u201eDesastres Naturales\u201c, Gallery M, Los Angeles, USA<br \/>\n\u201eHurac\u00e1n Sobre el Az\u00facar\u201c, Galer\u00eda GTG, Havana, Cuba<br \/>\n\u201eCentury\u201c, Riccardo Constantini Contemporary, Turin, Italy<br \/>\n2016 \u201eIngenier\u00edas y Patrim\u00f3nio Colectivo\u201c, Galerie Nardone, Brussels, Belgium<\/p>\n<p>2015<\/p>\n<p style=\"padding-left: 40px;\">\u201e\u00a9 Copyrighted Future\u201c, Galerie Nardone, Brussels, Belgium<br \/>\nEstart Gallery, curated by Claudio Composti, Pietrasanta, Italy<\/p>\n<p>2013<\/p>\n<p style=\"padding-left: 40px;\">\u201eTetris\u201c, Fun Gallery, Berlin, Germany<br \/>\n\u201eMarket\u201c, Galerie Naimah Sch\u00fctter, Berlin, Germany<\/p>\n<p>2012<\/p>\n<p style=\"padding-left: 40px;\">\u201eTropical Winter\u201c, GE Galer\u00eda, Monterrey, Mexico<br \/>\n\u201eThe Word After\u201c, Galerie Liebkranz. Berlin, Germany<\/p>\n<p>2011<\/p>\n<p style=\"padding-left: 40px;\">\u201eLa Conquista del Cielo\u201c, SKL Gallery, Palma de Mallorca, Spain<\/p>\n<p>2010<\/p>\n<p style=\"padding-left: 40px;\">\u201ePhantomschmerz\u201c, Galerie Prenton und Wiesel, Wiesbaden, Germany<\/p>\n<p>2008<\/p>\n<p style=\"padding-left: 40px;\">\u201eZimmer mit Mauerblick\u201c, Scala Gallery, Berlin, Germany<\/p>\n<p>2007<\/p>\n<p style=\"padding-left: 40px;\">\u201eZwitter\u201c, GE Galer\u00eda, Monterrey, Mexico<\/p>\n<p>2005<\/p>\n<p style=\"padding-left: 40px;\">\u201ePersona\u201c, Galerie Refugium, Berlin, Germany<\/p>\n<p>2001<\/p>\n<p style=\"padding-left: 40px;\">\u201eNuevo bajo el sol\u201c, Galerie Terminus, Munich, Germany<\/p>\n<p>2000<\/p>\n<p style=\"padding-left: 40px;\">\u201eFrozen Drop\u201c, Galerie Stella &amp; Bueno, Den Haag, Netherlands<\/p>\n<p>1999<\/p>\n<p style=\"padding-left: 40px;\">\u201ePozo Sin Filtro\u201c, Galerie FormArt, Saarbr\u00fccken, Germany<\/p>\n<p>1997<\/p>\n<p style=\"padding-left: 40px;\">\u201eAmor, pol\u00edtica y otros desastres\u201c, Galerie X-tro, Wiesbaden, Germany<\/p>\n<p>1996<\/p>\n<p style=\"padding-left: 40px;\">\u201eJ.M. Pozo\u201c, Galerie Hans Mayer, D\u00fcsseldorf, Germany<\/p>\n<p>1994<\/p>\n<p style=\"padding-left: 40px;\">\u201eC\u00f3mete tu tren-bus\u201c, Galer\u00eda Complejo Cultural YARA, Havana, Cuba<\/p>\n<p>1993<\/p>\n<p style=\"padding-left: 40px;\">\u201eTu tienes la llave (you\u2018ll get the key)\u201c, Galer\u00eda Alejo Carpentier, Isla de Joventud, Cuba<\/p>\n<p>1990<\/p>\n<p style=\"padding-left: 40px;\">\u201eWallpainting Hijos de la Patria\u201c, Parque 15 de Mayo, Isla de Pinos, Cuba<\/p>\n<p>1989<\/p>\n<p style=\"padding-left: 40px;\">Performance Victor or not Victor, U.N.E.A.C., Isla de Pinos, Cuba<\/p>\n<p>&nbsp;<\/p>\n<p><strong>Group Exhibitions<\/strong> (selection)<\/p>\n<p>2021<\/p>\n<p style=\"padding-left: 40px;\">\u201eFreak Again\u201c, curated by Elena V. Molina and Gerardo Munoz, Chinatown Soup Gallery, New York City, USA<\/p>\n<p style=\"padding-left: 40px;\">\u201eCadavre Exquis\u201c, Gallery Nardone in Venice, Venice, Italy<\/p>\n<p style=\"padding-left: 40px;\">\u201eWeiss sehen\u201c, QuadrART Museum, curated Mariette Haas-Klein, Austria<\/p>\n<p>2020<\/p>\n<p style=\"padding-left: 40px;\">\u201eArt Is A Remedy\u201c, janinebeangallery, Berlin<\/p>\n<p>2019<\/p>\n<p style=\"padding-left: 40px;\">13th Havana Biennial, Havana, Cuba<br \/>\n\u201eLet\u2018s Be Realistic And Ask For The Impossible\u201c, curated by Sachie Hernandez, Arsenal Habana, Havana, Cuba<br \/>\n\u201eLe Lucky\u201c, curated by Josep Maynou, HVW8, Berlin, Germany<\/p>\n<p>2018<\/p>\n<p style=\"padding-left: 40px;\">\u201ePintar A Contratiempo\u201c, Alejandro Campins, Juan Miguel Pozo, Michel P\u00e9rez Pollo, curated by Iv\u00e1n de la<br \/>\nNuez (Galleria Continua), Centro Hispano-Americano de Cultura, Havana, Cuba<br \/>\n\u201e\u00bfHasta Cuando las vacaciones?\u201c, Jos\u00e9 Bedia, Consuelo Casta\u00f1eda, Odey Curbelo, Gustavo P\u00e9rez Monz\u00f3n, Juan Miguel Pozo, Antonio Eligio Tonel, Irving Vera, kuratiert von Satchie Hernandez, Arsenal Habana, Havana, Cuba<br \/>\n\u201eStrange Matter\u201c, Fabio La Fauci, Juan Miguel Pozo, Arny Schmitt and Dominik Schmitt, janinebeangallery, Berlin, Germany<br \/>\n\u201eAll That You Have Is Your Soul\u201c, curated by Meyken Barreto and Armando Marino, Faction Art Projects, New York City, USA<\/p>\n<p>2016<\/p>\n<p style=\"padding-left: 40px;\">Off Bruxelles Art Fair, Belgium<\/p>\n<p>2015<\/p>\n<p style=\"padding-left: 40px;\">\u201eSind Wir Berliner?\u201c, Riccardo Costantini Contemporary, Turin, Italy<br \/>\n\u201eAm Abgrund\u201c, QuadrART-Dornbirn, Austria<br \/>\n\u201eRegenerated 14\u201c, Generator Hostel, Berlin, Germany<\/p>\n<p>2013<\/p>\n<p style=\"padding-left: 40px;\">Focus-Abengoa Foundation Prize<br \/>\n\u201eHospital de los Venerables\u201c, Sevilla, Spain<\/p>\n<p>2012<\/p>\n<p style=\"padding-left: 40px;\">SWAB Barcelona, Galer\u00eda SKL, Spain<br \/>\n\u201eDraw The Line\u201c, curated by Juan Miguel Pozo, Galerie Liebkranz, Berlin, Germany<br \/>\n\u201eFragile Welten\u201c, Det Ny Kastet, Denmark<\/p>\n<p>2011<\/p>\n<p style=\"padding-left: 40px;\">\u201eFresh\u201c, curated by Juan Miguel Pozo, Das Hotel, Berlin, Germany<\/p>\n<p>2009<\/p>\n<p style=\"padding-left: 40px;\">\u201eOur Dear Friend\u201c, Galleria Torbadena, Triest, Italy<\/p>\n<p>2008<\/p>\n<p style=\"padding-left: 40px;\">\u201eTerapia de grupo\u201c, Galer\u00eda Fernando Paradilla, Madrid, Spain<\/p>\n<p>2006<\/p>\n<p style=\"padding-left: 40px;\">\u201eBerlin Tendenzen\u201c, LaVirreina (la capella), Barcelone, Spain<br \/>\nAuction of Contemporary Latinamerican Art, curated by Emily Murphy (Sotheby\u2019s), Auction House Fernando Duran, Madrid, Spain<br \/>\n\u201eCiudades Internas\u201c, Havana Biennial 06, Cuba<\/p>\n<p>2005<\/p>\n<p style=\"padding-left: 40px;\">3rd KunstSalon, Berlin, Germany<br \/>\n\u201eImagen y Representaci\u00f3n\u201c, Centro Cultural AYN, Madrid, Spain<br \/>\n\u201eWorld Mouse\u201c, Centro Cultural AYN, Madrid, Spain<br \/>\nPrague Biennial, Prague, Czech Republic<\/p>\n<p>2004<\/p>\n<p style=\"padding-left: 40px;\">\u201eMassa Damnata\u201c, Galerie Refugium, Berlin, Germany<br \/>\n\u201eImagen y representaci\u00f3n\u201c, Galer\u00eda AYN, Madrid, Spain<br \/>\nArt Cologne, Germany (Galerie Refugium)<br \/>\nArteSantander 1, Santander, Spain<\/p>\n<p>2003<\/p>\n<p style=\"padding-left: 40px;\">\u201eK\u00fcnstler sehen Rot\u201c, Haus der Kunst, Munich, Germany<br \/>\nArt Forum Berlin, Germany (Paradies im Bunker)<\/p>\n<p>2002<\/p>\n<p style=\"padding-left: 40px;\">Kunst Messe M\u00fcnchen, Munich, Germany, (Galerie Terminus)<br \/>\nArt Innsbruck 2002, Austria (Galerie Terminus)<\/p>\n<p>2001<\/p>\n<p style=\"padding-left: 40px;\">Kunst K\u00f6ln 2001 \u2013 Internationale Messe f\u00fcr Editionen, Cologne, Germany<br \/>\nArt Innsbruck 2001, Austria (Galerie Terminus)<\/p>\n<p>2000<\/p>\n<p style=\"padding-left: 40px;\">Art Cologne, Germany (Galerie Terminus)<\/p>\n<p>1999<\/p>\n<p style=\"padding-left: 40px;\">\u201eMy Name\u201c, Falckenberg Collection, Museum der Bildenden K\u00fcnste, Leipzig, Germany<br \/>\n\u201eH\u00f6henfl\u00fcge\u201c, Backyard Gallery, Wiesbaden, Germany<\/p>\n<p>1998<\/p>\n<p style=\"padding-left: 40px;\">\u201eStilleben als Weltbild\u201c, Sparkasse, Karlsruhe, Germany<br \/>\n\u201eK\u00fcnstler f\u00fcr die Insel IV\u201c, Frankfurter Holzhausenschl\u00f6sschen, Frankfurt a.M., Germany<br \/>\n\u201e\u00c4cuators\u201c, Museo de Arte Contemporaneo, Santiago de Chile, Chile<\/p>\n<p>1997<\/p>\n<p style=\"padding-left: 40px;\">\u201eD\u00fcsseldorf und andere Orte\u201c, State Parliament of North Rhine-Westphalia, D\u00fcsseldorf , Germany<br \/>\nSt\u00e4dtisches Galeriehaus Seel, Siegen, Germany<br \/>\nK\u00fcnstlerhaus, Dortmund, Germany<br \/>\nGalerie Musterland, Emstetten, Germany<br \/>\nBis Kulturzentrum, M\u00f6nchengladbach, Germany<\/p>\n<p>1996<\/p>\n<p style=\"padding-left: 40px;\">The 36th International Student Salon of Photography, Photographic Society, HKSUSU, Hong Kong, China<\/p>\n<p>1995<\/p>\n<p style=\"padding-left: 40px;\">\u201eDie Skatspieler\u201c, art auction for Otto Dix, Neue Nationalgalerie, Berlin, Germany<\/p>\n<p>1994<\/p>\n<p style=\"padding-left: 40px;\">\u201eLa Jeune Pinture Cubaine\u201c, Fort de France, Martinique<br \/>\n\u201eCada loco con su tema\u201c, Galer\u00eda La Madriguera, Havana, Cuba<\/p>\n<p>1993<\/p>\n<p style=\"padding-left: 40px;\">\u201eEsculturas en pequeno formato\u201c, Centro de Arte visual, Havana, Cuba<\/p>\n<p>1988<\/p>\n<p style=\"padding-left: 40px;\">\u201eRa\u00edces en Acci\u00f3n\u201c, Museo de Arte Carrillo Gil, Mexico D.F., Mexico<\/p>\n<p>&nbsp;<\/p>\n","protected":false},"excerpt":{"rendered":"<p>Juan Miguel Pozo Cruz was born 1967 in Holguin, Cuba. During his time as an art student at the University of Havana a German journalist discovered him in 1994, drawing the attention of friendly artists like Konrad Klapheck on the Cuban painter. These artists advocated for Pozo\u2018s scholarship at the Art Academy D\u00fcsseldorf in Germany, &#8230; <a title=\"Juan Miguel Pozo | CV\" class=\"read-more\" href=\"https:\/\/www.janinebeangallery.com\/en\/?page_id=10682\" aria-label=\"Read more about Juan Miguel Pozo | CV\">Read more<\/a><\/p>\n","protected":false},"author":2,"featured_media":0,"parent":0,"menu_order":0,"comment_status":"closed","ping_status":"closed","template":"","meta":{"ngg_post_thumbnail":0,"footnotes":""},"class_list":["post-10682","page","type-page","status-publish"],"_links":{"self":[{"href":"https:\/\/www.janinebeangallery.com\/en\/index.php?rest_route=\/wp\/v2\/pages\/10682","targetHints":{"allow":["GET"]}}],"collection":[{"href":"https:\/\/www.janinebeangallery.com\/en\/index.php?rest_route=\/wp\/v2\/pages"}],"about":[{"href":"https:\/\/www.janinebeangallery.com\/en\/index.php?rest_route=\/wp\/v2\/types\/page"}],"author":[{"embeddable":true,"href":"https:\/\/www.janinebeangallery.com\/en\/index.php?rest_route=\/wp\/v2\/users\/2"}],"replies":[{"embeddable":true,"href":"https:\/\/www.janinebeangallery.com\/en\/index.php?rest_route=%2Fwp%2Fv2%2Fcomments&post=10682"}],"version-history":[{"count":38,"href":"https:\/\/www.janinebeangallery.com\/en\/index.php?rest_route=\/wp\/v2\/pages\/10682\/revisions"}],"predecessor-version":[{"id":15024,"href":"https:\/\/www.janinebeangallery.com\/en\/index.php?rest_route=\/wp\/v2\/pages\/10682\/revisions\/15024"}],"wp:attachment":[{"href":"https:\/\/www.janinebeangallery.com\/en\/index.php?rest_route=%2Fwp%2Fv2%2Fmedia&parent=10682"}],"curies":[{"name":"wp","href":"https:\/\/api.w.org\/{rel}","templated":true}]}}